{"id":1002,"date":"2020-04-08T12:43:52","date_gmt":"2020-04-08T12:43:52","guid":{"rendered":"http:\/\/the-erudit-project.com\/?page_id=1002"},"modified":"2020-04-08T12:52:47","modified_gmt":"2020-04-08T12:52:47","slug":"episode-5-illustre","status":"publish","type":"page","link":"http:\/\/the-erudit-project.com\/?page_id=1002","title":{"rendered":"Episode 5- illustr\u00e9"},"content":{"rendered":"<p>Voici une genre de bande dessin\u00e9e d&rsquo;une partie de l&rsquo;episode 5, bas\u00e9e sur des prises de vue du tournage original. Si vous n&rsquo;avez pas encore vu l&rsquo;\u00e9pisode 5 nous vous conseillons de le voir en premier.<\/p>\n<p><a href=\"https:\/\/i0.wp.com\/the-erudit-project.com\/forge\/uploads\/2020\/04\/page-1.jpg\"><img data-recalc-dims=\"1\" loading=\"lazy\" decoding=\"async\" class=\"aligncenter wp-image-1003 size-full\" src=\"https:\/\/i0.wp.com\/the-erudit-project.com\/forge\/uploads\/2020\/04\/page-1.jpg?resize=404%2C404\" alt=\"\" width=\"404\" height=\"404\" srcset=\"https:\/\/i0.wp.com\/the-erudit-project.com\/forge\/uploads\/2020\/04\/page-1.jpg?w=404 404w, https:\/\/i0.wp.com\/the-erudit-project.com\/forge\/uploads\/2020\/04\/page-1.jpg?resize=300%2C300 300w, https:\/\/i0.wp.com\/the-erudit-project.com\/forge\/uploads\/2020\/04\/page-1.jpg?resize=150%2C150 150w, https:\/\/i0.wp.com\/the-erudit-project.com\/forge\/uploads\/2020\/04\/page-1.jpg?resize=100%2C100 100w\" sizes=\"auto, (max-width: 404px) 100vw, 404px\" \/><\/a> <a href=\"https:\/\/i0.wp.com\/the-erudit-project.com\/forge\/uploads\/2020\/04\/page-2.jpg\"><img data-recalc-dims=\"1\" loading=\"lazy\" decoding=\"async\" class=\"aligncenter wp-image-1004 size-full\" src=\"https:\/\/i0.wp.com\/the-erudit-project.com\/forge\/uploads\/2020\/04\/page-2.jpg?resize=404%2C404\" alt=\"\" width=\"404\" height=\"404\" srcset=\"https:\/\/i0.wp.com\/the-erudit-project.com\/forge\/uploads\/2020\/04\/page-2.jpg?w=404 404w, https:\/\/i0.wp.com\/the-erudit-project.com\/forge\/uploads\/2020\/04\/page-2.jpg?resize=300%2C300 300w, https:\/\/i0.wp.com\/the-erudit-project.com\/forge\/uploads\/2020\/04\/page-2.jpg?resize=150%2C150 150w, https:\/\/i0.wp.com\/the-erudit-project.com\/forge\/uploads\/2020\/04\/page-2.jpg?resize=100%2C100 100w\" sizes=\"auto, (max-width: 404px) 100vw, 404px\" \/><\/a> <a href=\"https:\/\/i0.wp.com\/the-erudit-project.com\/forge\/uploads\/2020\/04\/page-3.jpg\"><img data-recalc-dims=\"1\" loading=\"lazy\" decoding=\"async\" class=\"aligncenter wp-image-1005 size-full\" src=\"https:\/\/i0.wp.com\/the-erudit-project.com\/forge\/uploads\/2020\/04\/page-3.jpg?resize=404%2C404\" alt=\"\" width=\"404\" height=\"404\" srcset=\"https:\/\/i0.wp.com\/the-erudit-project.com\/forge\/uploads\/2020\/04\/page-3.jpg?w=404 404w, https:\/\/i0.wp.com\/the-erudit-project.com\/forge\/uploads\/2020\/04\/page-3.jpg?resize=300%2C300 300w, https:\/\/i0.wp.com\/the-erudit-project.com\/forge\/uploads\/2020\/04\/page-3.jpg?resize=150%2C150 150w, https:\/\/i0.wp.com\/the-erudit-project.com\/forge\/uploads\/2020\/04\/page-3.jpg?resize=100%2C100 100w\" sizes=\"auto, (max-width: 404px) 100vw, 404px\" \/><\/a> <a href=\"https:\/\/i0.wp.com\/the-erudit-project.com\/forge\/uploads\/2020\/04\/page-4.jpg\"><img data-recalc-dims=\"1\" loading=\"lazy\" decoding=\"async\" class=\"aligncenter wp-image-1006 size-full\" src=\"https:\/\/i0.wp.com\/the-erudit-project.com\/forge\/uploads\/2020\/04\/page-4.jpg?resize=404%2C404\" alt=\"\" width=\"404\" height=\"404\" srcset=\"https:\/\/i0.wp.com\/the-erudit-project.com\/forge\/uploads\/2020\/04\/page-4.jpg?w=404 404w, https:\/\/i0.wp.com\/the-erudit-project.com\/forge\/uploads\/2020\/04\/page-4.jpg?resize=300%2C300 300w, https:\/\/i0.wp.com\/the-erudit-project.com\/forge\/uploads\/2020\/04\/page-4.jpg?resize=150%2C150 150w, https:\/\/i0.wp.com\/the-erudit-project.com\/forge\/uploads\/2020\/04\/page-4.jpg?resize=100%2C100 100w\" sizes=\"auto, (max-width: 404px) 100vw, 404px\" \/><\/a> <a href=\"https:\/\/i0.wp.com\/the-erudit-project.com\/forge\/uploads\/2020\/04\/page-5.jpg\"><img data-recalc-dims=\"1\" loading=\"lazy\" decoding=\"async\" class=\"aligncenter wp-image-1007 size-full\" src=\"https:\/\/i0.wp.com\/the-erudit-project.com\/forge\/uploads\/2020\/04\/page-5.jpg?resize=404%2C404\" alt=\"\" width=\"404\" height=\"404\" srcset=\"https:\/\/i0.wp.com\/the-erudit-project.com\/forge\/uploads\/2020\/04\/page-5.jpg?w=404 404w, https:\/\/i0.wp.com\/the-erudit-project.com\/forge\/uploads\/2020\/04\/page-5.jpg?resize=300%2C300 300w, https:\/\/i0.wp.com\/the-erudit-project.com\/forge\/uploads\/2020\/04\/page-5.jpg?resize=150%2C150 150w, https:\/\/i0.wp.com\/the-erudit-project.com\/forge\/uploads\/2020\/04\/page-5.jpg?resize=100%2C100 100w\" sizes=\"auto, (max-width: 404px) 100vw, 404px\" \/><\/a><\/p>\n","protected":false},"excerpt":{"rendered":"<p>Voici une genre de bande dessin\u00e9e d&rsquo;une partie de l&rsquo;episode 5, bas\u00e9e sur des prises de vue du tournage original. Si vous n&rsquo;avez pas encore vu l&rsquo;\u00e9pisode 5 nous vous conseillons de le voir en premier.<\/p>\n","protected":false},"author":3,"featured_media":0,"parent":52,"menu_order":0,"comment_status":"closed","ping_status":"closed","template":"","meta":{"jetpack_post_was_ever_published":false,"footnotes":""},"class_list":["post-1002","page","type-page","status-publish","hentry"],"jetpack_sharing_enabled":true,"jetpack_shortlink":"https:\/\/wp.me\/P5FIAy-ga","_links":{"self":[{"href":"http:\/\/the-erudit-project.com\/index.php?rest_route=\/wp\/v2\/pages\/1002","targetHints":{"allow":["GET"]}}],"collection":[{"href":"http:\/\/the-erudit-project.com\/index.php?rest_route=\/wp\/v2\/pages"}],"about":[{"href":"http:\/\/the-erudit-project.com\/index.php?rest_route=\/wp\/v2\/types\/page"}],"author":[{"embeddable":true,"href":"http:\/\/the-erudit-project.com\/index.php?rest_route=\/wp\/v2\/users\/3"}],"replies":[{"embeddable":true,"href":"http:\/\/the-erudit-project.com\/index.php?rest_route=%2Fwp%2Fv2%2Fcomments&post=1002"}],"version-history":[{"count":1,"href":"http:\/\/the-erudit-project.com\/index.php?rest_route=\/wp\/v2\/pages\/1002\/revisions"}],"predecessor-version":[{"id":1008,"href":"http:\/\/the-erudit-project.com\/index.php?rest_route=\/wp\/v2\/pages\/1002\/revisions\/1008"}],"up":[{"embeddable":true,"href":"http:\/\/the-erudit-project.com\/index.php?rest_route=\/wp\/v2\/pages\/52"}],"wp:attachment":[{"href":"http:\/\/the-erudit-project.com\/index.php?rest_route=%2Fwp%2Fv2%2Fmedia&parent=1002"}],"curies":[{"name":"wp","href":"https:\/\/api.w.org\/{rel}","templated":true}]}}