{"id":1026,"date":"2020-04-29T19:07:40","date_gmt":"2020-04-29T17:07:40","guid":{"rendered":"http:\/\/the-erudit-project.com\/?page_id=1026"},"modified":"2020-04-30T10:48:49","modified_gmt":"2020-04-30T08:48:49","slug":"presentation","status":"publish","type":"page","link":"http:\/\/the-erudit-project.com\/?page_id=1026","title":{"rendered":"Pr\u00e9sentation"},"content":{"rendered":"<h1>Introduction<\/h1>\n<p>Final Fantasy VII est un RPG sorti en 1997, septi\u00e8me opus de la saga Final Fantasy. C&rsquo;est le premier \u00e0 sortir sur la console de Sony : la PlayStation, c&rsquo;est aussi le premier Final Fantasy \u00e0 utiliser des graphismes en 3D.<br \/>\n\u00c9norme succ\u00e8s critique et commercial, le jeu s&rsquo;est vendu \u00e0 plus de 9,8 millions d&rsquo;exemplaires \u00e0 travers le monde.<\/p>\n<p>Voyons en d\u00e9tails les atouts qui ont fait de ce jeu un succ\u00e8s incontest\u00e9.<\/p>\n<h1>L&rsquo;histoire<\/h1>\n<p>Pour vous resituer quelque peu dans le contexte g\u00e9opolitique du jeu :<br \/>\nLa ShinRa poss\u00e8de le monopole de l&rsquo;exploitation du Mako, principale source d\u2019\u00e9nergie sur la plan\u00e8te. De plus la compagnie a la mainmise sur l&rsquo;ensemble du gouvernement. En effet le maire de Midgar, la capitale mondiale, n&rsquo;est qu&rsquo;une marionnette rel\u00e9gu\u00e9 au rang de biblioth\u00e9caire par les hauts dignitaires de la ShinRa. Celle-ci, non contente de diriger le monde poss\u00e8de \u00e9galement sa propre arm\u00e9e.<\/p>\n<p>L\u2019\u00e9nergie Mako comme on le d\u00e9couvre le long du jeu, s\u2019av\u00e8re \u00eatre l&rsquo;essence m\u00eame de la vie \u00e0 la surface du globe. Contenant la sagesse des anciens elle permet de ma\u00eetriser les forces de la nature sous forme de mat\u00e9ria, commandant ainsi \u00e0 ce que les n\u00e9ophytes appellent la magie. Malheureusement dans sa soif d&rsquo;argent et de pouvoir, la Shin-Ra \u00e9puise toute l\u2019\u00e9nergie de la plan\u00e8te, tuant celle-ci \u00e0 petit feu. Ce qui lui vaudra quelques d\u00e9tracteurs, notamment le groupe rebelle-\u00e9colo : Avalanche.<\/p>\n<p>C&rsquo;est dans cet univers fantastique-futuriste que vous prenez le contr\u00f4le de Cloud, ancien membre du SOLDAT (unit\u00e9 militaire d&rsquo;\u00e9lite de la ShinRa), qui a rejoint les troupes d&rsquo;Avalanche en tant que mercenaire. D&rsquo;abord motiv\u00e9 uniquement par l&rsquo;app\u00e2t du gain Cloud se joint bient\u00f4t \u00e0 la cause, qui a d\u00e9sormais pour enjeu la survie de la plan\u00e8te tout enti\u00e8re.<\/p>\n<h1>Les Th\u00e8mes<\/h1>\n<p>Comme vous l&rsquo;aurez compris l&rsquo;\u00e9cologie est un des th\u00e8mes fort du jeu, avec certaines allusions qui ne sont pas sans rappeler des faits r\u00e9els : La ville enti\u00e8re de Gongaga ravag\u00e9 par l&rsquo;explosion du r\u00e9acteur voisin, ou les fausses promesses utilis\u00e9 par la ShinRa pour agrandir son empire. Notamment \u00e0 Corel o\u00f9 les habitants renoncent \u00e0 leur exploitation traditionnel du charbon pour participer \u00e0 la cr\u00e9ation d&rsquo;un r\u00e9acteur, qui signera leur arr\u00eat de mort.<\/p>\n<p>Final Fantasy VII est \u00e9galement un des \u00e9pisodes les plus ax\u00e9s sur la spiritualit\u00e9 avec l&rsquo;id\u00e9e r\u00e9currente au cours du jeu de l&rsquo;immortalit\u00e9 des \u00e2mes, qui \u00ab\u00a0retournent \u00e0 la plan\u00e8te\u00a0\u00bb. Ainsi les Cetras, peuplade disparu dont A\u00e9rith (marchande de fleurs qui se retrouvera vite embarqu\u00e9e dans l&rsquo;aventure aux c\u00f4t\u00e9s de Cloud) est l&rsquo;unique descendante, poss\u00e8dent une tr\u00e8s forte spiritualit\u00e9, en effet ils pouvaient communiquer avec la rivi\u00e8re de la vie, le flux de la plan\u00e8te contenant l&rsquo;\u00e2me des d\u00e9funts qui se r\u00e9incarnent ensuite sous d&rsquo;autres formes de vie.<\/p>\n<h1>Les Personnages<\/h1>\n<p>Le personnage phare de jeu reste bien entendu Cloud, h\u00e9ro taciturne \u00e0 la psych\u00e9 perturb\u00e9 qui ignore sa v\u00e9ritable identit\u00e9 pendant la majorit\u00e9 de l&rsquo;aventure, Cloud n&rsquo;en reste pas moins un h\u00e9ro particuli\u00e8rement charismatique, effet cr\u00e9e en partie grace \u00e0 son \u00e9p\u00e9e g\u00e9ante qu&rsquo;il porte en permanence sur le dos.<\/p>\n<p>Le second personnage le plus int\u00e9ressant de mon point de vue n&rsquo;est autre que Sephiroth, l&rsquo;antagoniste principale durant le jeu. Aussi mentalement tortur\u00e9 que notre h\u00e9ro, c&rsquo;est un des \u00ab\u00a0m\u00e9chants\u00a0\u00bb les plus embl\u00e9matiques du jeu vid\u00e9o. M\u00eame si on apprend par la suite qu&rsquo;il n&rsquo;\u00e9tait lui-m\u00eame que la marionnette d&rsquo;une puissance sup\u00e9rieure.<\/p>\n<h1>Le Gameplay<\/h1>\n<p>On retrouve sans surprise dans cet \u00e9pisode le syst\u00e8me d&rsquo;alternance entre phases d&rsquo;exploration dans les diff\u00e9rents donjons et villes, phase de d\u00e9placement sur la carte du monde et phase de combat. Chacune agr\u00e9ment\u00e9 de ses propres d\u00e9cors. Le principe des combats reste assez similaire \u00e0 celui des \u00e9pisodes pr\u00e9c\u00e9dent avec l&rsquo;habituelle (depuis le quatri\u00e8me \u00e9pisode) jauge ATB. Les nouveaut\u00e9 principale se situent au niveau du tr\u00e8s riche syst\u00e8me des mat\u00e9rias et des limites (pour lesquels je vous laisse consulter les pages correspondantes).<\/p>\n<h1>Conclusion<\/h1>\n<p>\u00c0 cet \u00e9pisode vient s&rsquo;ajouter pour la premi\u00e8re fois le syst\u00e8me de cin\u00e9matiques parfaitement int\u00e9gr\u00e9 dans l&rsquo;aventure. Ce qui donne au titre une qualit\u00e9 immersif sans pr\u00e9c\u00e9dent.<\/p>\n<p>C&rsquo;est cet univers riche, ce sc\u00e9nario passionnant (qui n\u00e9cessite de finir le jeu plusieurs fois, pour en saisir toutes les subtilit\u00e9s) qui font de Final Fantasy VII une experience vid\u00e9o-ludique exceptionnelle.<\/p>\n","protected":false},"excerpt":{"rendered":"<p>Introduction Final Fantasy VII est un RPG sorti en 1997, septi\u00e8me opus de la saga Final Fantasy. C&rsquo;est le premier \u00e0 sortir sur la console de Sony : la PlayStation, c&rsquo;est aussi le premier Final Fantasy \u00e0 utiliser des graphismes en 3D. \u00c9norme succ\u00e8s critique et commercial, le jeu s&rsquo;est vendu \u00e0 plus de 9,8 &hellip; <\/p>\n<p class=\"link-more\"><a href=\"http:\/\/the-erudit-project.com\/?page_id=1026\" class=\"more-link\">Continuer la lecture<span class=\"screen-reader-text\"> de &laquo;&nbsp;Pr\u00e9sentation&nbsp;&raquo;<\/span><\/a><\/p>\n","protected":false},"author":3,"featured_media":0,"parent":1028,"menu_order":0,"comment_status":"closed","ping_status":"closed","template":"","meta":{"jetpack_post_was_ever_published":false,"footnotes":""},"class_list":["post-1026","page","type-page","status-publish","hentry"],"jetpack_sharing_enabled":true,"jetpack_shortlink":"https:\/\/wp.me\/P5FIAy-gy","_links":{"self":[{"href":"http:\/\/the-erudit-project.com\/index.php?rest_route=\/wp\/v2\/pages\/1026","targetHints":{"allow":["GET"]}}],"collection":[{"href":"http:\/\/the-erudit-project.com\/index.php?rest_route=\/wp\/v2\/pages"}],"about":[{"href":"http:\/\/the-erudit-project.com\/index.php?rest_route=\/wp\/v2\/types\/page"}],"author":[{"embeddable":true,"href":"http:\/\/the-erudit-project.com\/index.php?rest_route=\/wp\/v2\/users\/3"}],"replies":[{"embeddable":true,"href":"http:\/\/the-erudit-project.com\/index.php?rest_route=%2Fwp%2Fv2%2Fcomments&post=1026"}],"version-history":[{"count":1,"href":"http:\/\/the-erudit-project.com\/index.php?rest_route=\/wp\/v2\/pages\/1026\/revisions"}],"predecessor-version":[{"id":1027,"href":"http:\/\/the-erudit-project.com\/index.php?rest_route=\/wp\/v2\/pages\/1026\/revisions\/1027"}],"up":[{"embeddable":true,"href":"http:\/\/the-erudit-project.com\/index.php?rest_route=\/wp\/v2\/pages\/1028"}],"wp:attachment":[{"href":"http:\/\/the-erudit-project.com\/index.php?rest_route=%2Fwp%2Fv2%2Fmedia&parent=1026"}],"curies":[{"name":"wp","href":"https:\/\/api.w.org\/{rel}","templated":true}]}}