{"id":1028,"date":"2020-04-29T19:35:07","date_gmt":"2020-04-29T17:35:07","guid":{"rendered":"http:\/\/the-erudit-project.com\/?page_id=1028"},"modified":"2020-04-29T22:54:45","modified_gmt":"2020-04-29T20:54:45","slug":"final-fantasy-vii","status":"publish","type":"page","link":"http:\/\/the-erudit-project.com\/?page_id=1028","title":{"rendered":"Final fantasy VII"},"content":{"rendered":"<p>A l\u2019occasion de la sortie en Avril dernier de Final Fantasy VII remake,\u00a0 je me suis replong\u00e9 avec nostalgie dans l&rsquo;un des jeux phares de mon enfance, si ce n&rsquo;est mon jeu vid\u00e9o pr\u00e9f\u00e9r\u00e9 de tous les temps, toutes cat\u00e9gories confondus.<\/p>\n<p>Je vous propose donc de d\u00e9couvrir ou red\u00e9couvrir tous les aspects de ce jeu.<\/p>\n<ol>\n<li><a href=\"http:\/\/the-erudit-project.com\/?page_id=1026\">Pr\u00e9sentation<\/a><\/li>\n<li>Les personnages<\/li>\n<li><a href=\"http:\/\/the-erudit-project.com\/?page_id=1031\">La solution<\/a><\/li>\n<li>Les qu\u00eates annexes<\/li>\n<li>D\u00e9bloquer Vincent<\/li>\n<li>D\u00e9bloquer Youfie<\/li>\n<li>Les limites break<\/li>\n<li>Les Chocobos<\/li>\n<\/ol>\n","protected":false},"excerpt":{"rendered":"<p>A l\u2019occasion de la sortie en Avril dernier de Final Fantasy VII remake,\u00a0 je me suis replong\u00e9 avec nostalgie dans l&rsquo;un des jeux phares de mon enfance, si ce n&rsquo;est mon jeu vid\u00e9o pr\u00e9f\u00e9r\u00e9 de tous les temps, toutes cat\u00e9gories confondus. Je vous propose donc de d\u00e9couvrir ou red\u00e9couvrir tous les aspects de ce jeu. &hellip; <\/p>\n<p class=\"link-more\"><a href=\"http:\/\/the-erudit-project.com\/?page_id=1028\" class=\"more-link\">Continuer la lecture<span class=\"screen-reader-text\"> de &laquo;&nbsp;Final fantasy VII&nbsp;&raquo;<\/span><\/a><\/p>\n","protected":false},"author":3,"featured_media":0,"parent":0,"menu_order":0,"comment_status":"closed","ping_status":"closed","template":"","meta":{"jetpack_post_was_ever_published":false,"footnotes":""},"class_list":["post-1028","page","type-page","status-publish","hentry"],"jetpack_sharing_enabled":true,"jetpack_shortlink":"https:\/\/wp.me\/P5FIAy-gA","_links":{"self":[{"href":"http:\/\/the-erudit-project.com\/index.php?rest_route=\/wp\/v2\/pages\/1028","targetHints":{"allow":["GET"]}}],"collection":[{"href":"http:\/\/the-erudit-project.com\/index.php?rest_route=\/wp\/v2\/pages"}],"about":[{"href":"http:\/\/the-erudit-project.com\/index.php?rest_route=\/wp\/v2\/types\/page"}],"author":[{"embeddable":true,"href":"http:\/\/the-erudit-project.com\/index.php?rest_route=\/wp\/v2\/users\/3"}],"replies":[{"embeddable":true,"href":"http:\/\/the-erudit-project.com\/index.php?rest_route=%2Fwp%2Fv2%2Fcomments&post=1028"}],"version-history":[{"count":4,"href":"http:\/\/the-erudit-project.com\/index.php?rest_route=\/wp\/v2\/pages\/1028\/revisions"}],"predecessor-version":[{"id":1041,"href":"http:\/\/the-erudit-project.com\/index.php?rest_route=\/wp\/v2\/pages\/1028\/revisions\/1041"}],"wp:attachment":[{"href":"http:\/\/the-erudit-project.com\/index.php?rest_route=%2Fwp%2Fv2%2Fmedia&parent=1028"}],"curies":[{"name":"wp","href":"https:\/\/api.w.org\/{rel}","templated":true}]}}