{"id":1183,"date":"2020-05-12T19:59:14","date_gmt":"2020-05-12T17:59:14","guid":{"rendered":"http:\/\/the-erudit-project.com\/?page_id=1183"},"modified":"2020-05-12T20:16:07","modified_gmt":"2020-05-12T18:16:07","slug":"politique-de-cookies","status":"publish","type":"page","link":"http:\/\/the-erudit-project.com\/?page_id=1183","title":{"rendered":"Politique de cookies"},"content":{"rendered":"<p>&nbsp;<\/p>\n<ol>\n<li>Introduction<\/li>\n<\/ol>\n<p>Notre site web, http:\/\/the-erudit-project.com (d\u00e9sign\u00e9 ci-apr\u00e8s par : \u00ab le site web \u00bb) utilise des cookies et autres technologies li\u00e9es (par simplification, toutes ces technologies sont d\u00e9sign\u00e9es par le terme \u00ab cookies \u00bb). Des cookies sont \u00e9galement plac\u00e9s par des tierces parties que nous avons engag\u00e9es. Dans le document ci-dessous, nous vous informons de l\u2019utilisation des cookies sur notre site web.<\/p>\n<p>&nbsp;<\/p>\n<ol start=\"2\">\n<li>Que sont les cookies ?<\/li>\n<\/ol>\n<p>Un cookie est un petit fichier simple envoy\u00e9 avec les pages de ce site web et stock\u00e9 par votre navigateur sur le disque dur de votre ordinateur ou d\u2019un autre appareil. Les informations qui y sont stock\u00e9es peuvent \u00eatre renvoy\u00e9es \u00e0 nos serveurs ou aux serveurs des tierces parties concern\u00e9es lors d\u2019une visite ult\u00e9rieure.<\/p>\n<p>&nbsp;<\/p>\n<ol start=\"3\">\n<li>Que sont les scripts ?<\/li>\n<\/ol>\n<p>Un script est un \u00e9l\u00e9ment de code utilis\u00e9 pour que notre site web fonctionne correctement et de mani\u00e8re interactive. Ce code est ex\u00e9cut\u00e9 sur notre serveur ou sur votre appareil.<\/p>\n<p>&nbsp;<\/p>\n<ol start=\"4\">\n<li>Qu&rsquo;est-ce qu&rsquo;une balise invisible ?<\/li>\n<\/ol>\n<p>Une balise invisible (ou balise web) est un petit morceau de texte ou d\u2019image invisible sur un site web, utilis\u00e9 pour suivre le trafic sur un site web. Pour ce faire, diverses donn\u00e9es vous concernant sont stock\u00e9es \u00e0 l\u2019aide de balises invisibles.<\/p>\n<p>&nbsp;<\/p>\n<ol start=\"5\">\n<li>Consentement<\/li>\n<\/ol>\n<p>Lorsque vous visitez notre site web pour la premi\u00e8re fois, nous vous afficherons une fen\u00eatre contextuelle avec une explication sur les cookies. D\u00e8s que vous cliquez sur \u00ab Tous les cookies \u00bb, vous consentez \u00e0 notre utilisation de tous les cookies et extensions, comme d\u00e9crit dans la fen\u00eatre contextuelle et cette d\u00e9claration sur les cookies. Vous pouvez d\u00e9sactiver l\u2019utilisation de cookies sur votre navigateur, mais veuillez noter que notre site web risque de ne plus fonctionner correctement.<\/p>\n<p>&nbsp;<\/p>\n<ol start=\"6\">\n<li>Cookies<\/li>\n<\/ol>\n<p>6.a. Cookies techniques ou fonctionnels<\/p>\n<p>&nbsp;<\/p>\n<p>Certains cookies assurent le fonctionnement correct de certaines parties du site web et la prise en compte de vos pr\u00e9f\u00e9rences en tant qu\u2019utilisateur. En pla\u00e7ant des cookies fonctionnels, nous vous facilitons la visite de notre site web. Ainsi, vous n\u2019avez pas besoin de saisir \u00e0 plusieurs reprises les m\u00eames informations lors de la visite de notre site web et, par exemple, les \u00e9l\u00e9ments restent dans votre panier jusqu\u2019\u00e0 votre paiement. Nous pouvons placer ces cookies sans votre consentement.<\/p>\n<p>&nbsp;<\/p>\n<p>6.b. Boutons de r\u00e9seaux sociaux<\/p>\n<p>&nbsp;<\/p>\n<p>Nous avons inclus sur notre site web des boutons pour que les Facebook et Twitter puissent promouvoir des pages web (par ex. \u00ab J\u2019aime \u00bb, \u00ab Enregistrer \u00bb) ou partager (par ex. \u00ab Tweeter \u00bb) sur des r\u00e9seaux sociaux tels que Facebook et Twitter. Ces boutons fonctionnent avec des morceaux de code provenant des Facebook et Twitter eux-m\u00eames. Ce code place des cookies. Ces boutons de r\u00e9seaux sociaux peuvent \u00e9galement stocker et traiter certaines informations afin de vous montrer des publicit\u00e9s personnalis\u00e9es.<\/p>\n<p>&nbsp;<\/p>\n<p>Veuillez lire la d\u00e9claration de confidentialit\u00e9 de ces r\u00e9seaux sociaux (qui peut \u00eatre modifi\u00e9e r\u00e9guli\u00e8rement) afin de savoir ce qu\u2019ils font de vos donn\u00e9es (personnelles) trait\u00e9es en utilisant ces cookies. Les donn\u00e9es r\u00e9cup\u00e9r\u00e9es sont rendues anonymes autant que possible. Facebook et Twitter se trouvent aux \u00c9tats-Unis.<\/p>\n<p>&nbsp;<\/p>\n<ol start=\"7\">\n<li>Cookies plac\u00e9s<\/li>\n<\/ol>\n<p><u>Automattic<\/u><\/p>\n<p>Nous utilisons Automattic pour le d\u00e9veloppement du site web.<\/p>\n<p>Nom\u00a0\u00a0\u00a0\u00a0\u00a0\u00a0 Conservation\u00a0\u00a0\u00a0\u00a0\u00a0\u00a0\u00a0 Fonction<\/p>\n<p>tk_ai\u00a0\u00a0\u00a0\u00a0\u00a0\u00a0 session\u00a0\u00a0 Stocker un ID utilisateur unique<\/p>\n<p>&nbsp;<\/p>\n<p><u>JetPack<\/u><\/p>\n<p>Nous utilisons JetPack pour les statistiques.<\/p>\n<p>Nom\u00a0\u00a0\u00a0\u00a0\u00a0\u00a0 Conservation\u00a0\u00a0\u00a0\u00a0\u00a0\u00a0\u00a0 Fonction<\/p>\n<p>jetpackState\u00a0 \u00a0 session\u00a0\u00a0 Fournir des fonctions sur toutes les pages<\/p>\n<p>Pour plus d\u2019informations, veuillez lire la politique de confidentialit\u00e9 JetPack.<\/p>\n<p>&nbsp;<\/p>\n<p><u>Facebook<\/u><\/p>\n<p>Nous utilisons Facebook pour l\u2019affichage des publications r\u00e9centes et\/ou boutons de partage de r\u00e9seaux sociaux.<\/p>\n<p>Nom\u00a0\u00a0\u00a0\u00a0\u00a0\u00a0 Conservation\u00a0\u00a0\u00a0\u00a0\u00a0\u00a0\u00a0 Fonction<\/p>\n<p>_fbc\u00a0\u00a0\u00a0\u00a0\u00a0\u00a0\u00a0 2 ans\u00a0\u00a0\u00a0\u00a0\u00a0 Stores last visit<\/p>\n<p>fbm*\u00a0\u00a0\u00a0\u00a0\u00a0 1 an\u00a0\u00a0\u00a0\u00a0\u00a0\u00a0\u00a0 Stocker les informations des comptes<\/p>\n<p>xs\u00a0\u00a0\u00a0\u00a0\u00a0\u00a0\u00a0\u00a0\u00a0\u00a0\u00a0 3 mois\u00a0\u00a0\u00a0 Store a unique session ID<\/p>\n<p>fr\u00a0\u00a0\u00a0\u00a0\u00a0\u00a0\u00a0\u00a0\u00a0\u00a0\u00a0\u00a0 3 mois\u00a0\u00a0\u00a0 Enable ad delivery or retargeting<\/p>\n<p>_fbp\u00a0\u00a0\u00a0\u00a0\u00a0\u00a0 3 mois\u00a0\u00a0\u00a0 Suivre les visites \u00e0 travers les sites web<\/p>\n<p>datr\u00a0\u00a0\u00a0\u00a0\u00a0\u00a0\u00a0 2 ans\u00a0\u00a0\u00a0\u00a0\u00a0 Emp\u00eacher la fraude<\/p>\n<p>sb\u00a0\u00a0\u00a0\u00a0\u00a0\u00a0\u00a0\u00a0\u00a0\u00a0\u00a0 2 ans\u00a0\u00a0\u00a0\u00a0\u00a0 Stocker les informations du navigateur<\/p>\n<p>*_fbm_\u00a0 1 an\u00a0\u00a0\u00a0\u00a0\u00a0\u00a0\u00a0 Stocker les informations des comptes fonctionnels<\/p>\n<p>wd\u00a0\u00a0\u00a0\u00a0\u00a0\u00a0\u00a0\u00a0\u00a0 1 semaine\u00a0 \u00a0 \u00a0 \u00a0D\u00e9terminer la r\u00e9solution d\u2019\u00e9cran<\/p>\n<p>act\u00a0\u00a0\u00a0\u00a0\u00a0\u00a0\u00a0\u00a0\u00a0 90 jours\u00a0 \u00a0 \u00a0 \u00a0 \u00a0 \u00a0Laisser les utilisateurs connect\u00e9s<\/p>\n<p>c_user\u00a0\u00a0 90 jours\u00a0 \u00a0 \u00a0 \u00a0 \u00a0 \u00a0Stocker un ID utilisateur unique<\/p>\n<p>csm\u00a0\u00a0\u00a0\u00a0\u00a0\u00a0\u00a0\u00a0 90 jours\u00a0 \u00a0 \u00a0 \u00a0 \u00a0 \u00a0Emp\u00eacher la fraude<\/p>\n<p>presence\u00a0\u00a0 session\u00a0 \u00a0 \u00a0 V\u00e9rifie si l&rsquo;onglet du navigateur est actif<\/p>\n<p>Pour plus d\u2019informations, veuillez lire la politique de confidentialit\u00e9 Facebook.<\/p>\n<p>&nbsp;<\/p>\n<p><u>Twitter<\/u><\/p>\n<p>Nous utilisons Twitter pour l\u2019affichage des publications r\u00e9centes et\/ou boutons de partage de r\u00e9seaux sociaux.<\/p>\n<p>Nom\u00a0\u00a0\u00a0\u00a0\u00a0\u00a0 Conservation\u00a0\u00a0\u00a0\u00a0\u00a0\u00a0\u00a0 Fonction<\/p>\n<p>local_storage_support_test\u00a0 persistante\u00a0 Fournir une fonctionnalit\u00e9 de r\u00e9partition de charge marketing-suivi metrics<\/p>\n<p>_token\u00a0 \u00a0 \u00a0persistante\u00a0 Pour voir si l&rsquo;utilisateur a acc\u00e9d\u00e9 \u00e0 du contenu int\u00e9gr\u00e9<\/p>\n<p>Pour plus d\u2019informations, veuillez lire la politique de confidentialit\u00e9 Twitter.<\/p>\n<p>&nbsp;<\/p>\n<ol start=\"8\">\n<li>Vos droits concernant les donn\u00e9es personnelles<\/li>\n<\/ol>\n<p>Vous avez les droits suivants concernant vos donn\u00e9es personnelles :<\/p>\n<p>Vous avez le droit de savoir pourquoi vos donn\u00e9es personnelles sont n\u00e9cessaires, ce qui leur arrivera et combien de temps elles seront conserv\u00e9es.<\/p>\n<p>Droit d\u2019acc\u00e8s : vous avez le droit d&rsquo;acc\u00e9der \u00e0 vos donn\u00e9es personnelles que nous connaissons.<\/p>\n<p>Droit de rectification : vous avez le droit \u00e0 tout moment de compl\u00e9ter, corriger, faire supprimer ou bloquer vos donn\u00e9es personnelles.<\/p>\n<p>Si vous nous donnez votre consentement pour le traitement de vos donn\u00e9es, vous avez le droit de r\u00e9voquer ce consentement et de faire supprimer vos donn\u00e9es personnelles.<\/p>\n<p>Droit de transf\u00e9rer vos donn\u00e9es : vous avez le droit de demander toutes vos donn\u00e9es personnelles au responsable du traitement et de les transf\u00e9rer dans leur int\u00e9gralit\u00e9 \u00e0 un autre responsable du traitement.<\/p>\n<p>Droit d\u2019opposition : vous pouvez vous opposer au traitement de vos donn\u00e9es. Nous obtemp\u00e9rerons, \u00e0 moins que certaines raisons ne justifient ce traitement.<\/p>\n<p>Pour exercer ces droits, veuillez nous contacter. Veuillez-vous r\u00e9f\u00e9rer aux d\u00e9tails de contact en bas de cette d\u00e9claration sur les cookies. Si vous avez une r\u00e9clamation concernant la fa\u00e7on dont nous traitons vos donn\u00e9es, nous aimerions en \u00eatre inform\u00e9s, mais vous avez \u00e9galement le droit d\u2019envoyer une r\u00e9clamation aux autorit\u00e9s de contr\u00f4le (les autorit\u00e9s charg\u00e9es de la protection des donn\u00e9es, comme le CEPD).<\/p>\n<p>&nbsp;<\/p>\n<ol start=\"9\">\n<li>Activer\/d\u00e9sactiver et supprimer les cookies<\/li>\n<\/ol>\n<p>Vous pouvez utiliser votre navigateur Internet pour supprimer automatiquement ou manuellement les cookies. Vous pouvez \u00e9galement sp\u00e9cifier que certains cookies ne peuvent pas \u00eatre plac\u00e9s. Une autre option consiste \u00e0 modifier les r\u00e9glages de votre navigateur Internet afin que vous receviez un message \u00e0 chaque fois qu&rsquo;un cookie est plac\u00e9. Pour plus d&rsquo;informations sur ces options, reportez-vous aux instructions de la section Aide de votre navigateur.<\/p>\n<p>Veuillez noter que notre site web peut ne pas marcher correctement si tous les cookies sont d\u00e9sactiv\u00e9s. Si vous supprimez les cookies dans votre navigateur, ils seront de nouveau plac\u00e9s apr\u00e8s votre consentement lorsque vous revisiterez notre site web.<\/p>\n<p>&nbsp;<\/p>\n<ol start=\"10\">\n<li>D\u00e9tails de contact<\/li>\n<\/ol>\n<p>Pour toute question et\/ou tout commentaire sur notre politique de cookies et cette d\u00e9claration, veuillez nous contacter en utilisant les d\u00e9tails de contact suivants :<\/p>\n<p>Site web: http:\/\/the-erudit-project.com<\/p>\n<p>E-mail : forge@the-erudit-project.com<\/p>\n","protected":false},"excerpt":{"rendered":"<p>&nbsp; Introduction Notre site web, http:\/\/the-erudit-project.com (d\u00e9sign\u00e9 ci-apr\u00e8s par : \u00ab le site web \u00bb) utilise des cookies et autres technologies li\u00e9es (par simplification, toutes ces technologies sont d\u00e9sign\u00e9es par le terme \u00ab cookies \u00bb). Des cookies sont \u00e9galement plac\u00e9s par des tierces parties que nous avons engag\u00e9es. Dans le document ci-dessous, nous vous informons &hellip; <\/p>\n<p class=\"link-more\"><a href=\"http:\/\/the-erudit-project.com\/?page_id=1183\" class=\"more-link\">Continuer la lecture<span class=\"screen-reader-text\"> de &laquo;&nbsp;Politique de cookies&nbsp;&raquo;<\/span><\/a><\/p>\n","protected":false},"author":3,"featured_media":0,"parent":0,"menu_order":0,"comment_status":"closed","ping_status":"closed","template":"","meta":{"jetpack_post_was_ever_published":false,"footnotes":""},"class_list":["post-1183","page","type-page","status-publish","hentry"],"jetpack_sharing_enabled":true,"jetpack_shortlink":"https:\/\/wp.me\/P5FIAy-j5","_links":{"self":[{"href":"http:\/\/the-erudit-project.com\/index.php?rest_route=\/wp\/v2\/pages\/1183","targetHints":{"allow":["GET"]}}],"collection":[{"href":"http:\/\/the-erudit-project.com\/index.php?rest_route=\/wp\/v2\/pages"}],"about":[{"href":"http:\/\/the-erudit-project.com\/index.php?rest_route=\/wp\/v2\/types\/page"}],"author":[{"embeddable":true,"href":"http:\/\/the-erudit-project.com\/index.php?rest_route=\/wp\/v2\/users\/3"}],"replies":[{"embeddable":true,"href":"http:\/\/the-erudit-project.com\/index.php?rest_route=%2Fwp%2Fv2%2Fcomments&post=1183"}],"version-history":[{"count":4,"href":"http:\/\/the-erudit-project.com\/index.php?rest_route=\/wp\/v2\/pages\/1183\/revisions"}],"predecessor-version":[{"id":1188,"href":"http:\/\/the-erudit-project.com\/index.php?rest_route=\/wp\/v2\/pages\/1183\/revisions\/1188"}],"wp:attachment":[{"href":"http:\/\/the-erudit-project.com\/index.php?rest_route=%2Fwp%2Fv2%2Fmedia&parent=1183"}],"curies":[{"name":"wp","href":"https:\/\/api.w.org\/{rel}","templated":true}]}}