{"id":124,"date":"2015-02-08T23:23:52","date_gmt":"2015-02-08T23:23:52","guid":{"rendered":"http:\/\/the-erudit-project.com\/?page_id=124"},"modified":"2015-02-08T23:25:43","modified_gmt":"2015-02-08T23:25:43","slug":"attention","status":"publish","type":"page","link":"http:\/\/the-erudit-project.com\/?page_id=124","title":{"rendered":"Attention"},"content":{"rendered":"<p><span style=\"color: #ff0000;\">Attention spoiler !\u00a0<\/span><\/p>\n<p>La page que vous alliez ouvrir contient des informations sur une partie de la s\u00e9rie qui n&rsquo;est pas encore diffus\u00e9e si malgr\u00e9 tout vous souhaitez quand m\u00eame y acc\u00e9der cliquez sur le lien suivant : <a title=\"Les Erudits\" href=\"http:\/\/the-erudit-project.com\/?page_id=20\">les \u00e9rudits<\/a>.<\/p>\n","protected":false},"excerpt":{"rendered":"<p>Attention spoiler !\u00a0 La page que vous alliez ouvrir contient des informations sur une partie de la s\u00e9rie qui n&rsquo;est pas encore diffus\u00e9e si malgr\u00e9 tout vous souhaitez quand m\u00eame y acc\u00e9der cliquez sur le lien suivant : les \u00e9rudits.<\/p>\n","protected":false},"author":3,"featured_media":0,"parent":0,"menu_order":0,"comment_status":"closed","ping_status":"closed","template":"","meta":{"jetpack_post_was_ever_published":false,"footnotes":""},"class_list":["post-124","page","type-page","status-publish","hentry"],"jetpack_sharing_enabled":true,"jetpack_shortlink":"https:\/\/wp.me\/P5FIAy-20","_links":{"self":[{"href":"http:\/\/the-erudit-project.com\/index.php?rest_route=\/wp\/v2\/pages\/124","targetHints":{"allow":["GET"]}}],"collection":[{"href":"http:\/\/the-erudit-project.com\/index.php?rest_route=\/wp\/v2\/pages"}],"about":[{"href":"http:\/\/the-erudit-project.com\/index.php?rest_route=\/wp\/v2\/types\/page"}],"author":[{"embeddable":true,"href":"http:\/\/the-erudit-project.com\/index.php?rest_route=\/wp\/v2\/users\/3"}],"replies":[{"embeddable":true,"href":"http:\/\/the-erudit-project.com\/index.php?rest_route=%2Fwp%2Fv2%2Fcomments&post=124"}],"version-history":[{"count":1,"href":"http:\/\/the-erudit-project.com\/index.php?rest_route=\/wp\/v2\/pages\/124\/revisions"}],"predecessor-version":[{"id":125,"href":"http:\/\/the-erudit-project.com\/index.php?rest_route=\/wp\/v2\/pages\/124\/revisions\/125"}],"wp:attachment":[{"href":"http:\/\/the-erudit-project.com\/index.php?rest_route=%2Fwp%2Fv2%2Fmedia&parent=124"}],"curies":[{"name":"wp","href":"https:\/\/api.w.org\/{rel}","templated":true}]}}