{"id":2,"date":"2015-01-27T20:26:38","date_gmt":"2015-01-27T20:26:38","guid":{"rendered":"http:\/\/the-erudit-project.com\/?page_id=2"},"modified":"2020-04-03T12:50:12","modified_gmt":"2020-04-03T12:50:12","slug":"sample-page","status":"publish","type":"page","link":"http:\/\/the-erudit-project.com\/","title":{"rendered":"The Erudit Project"},"content":{"rendered":"<h5><a href=\"http:\/\/the-erudit-project.com\/?page_id=701\">LES NOUVEAUT\u00c9S<\/a><\/h5>\n<p>Ici, vous d\u00e9couvrirez toutes les nouveaut\u00e9s concernant la s\u00e9rie et l&rsquo;avanc\u00e9e de la s\u00e9rie&#8230;<\/p>\n<hr \/>\n<h5><a href=\"http:\/\/the-erudit-project.com\/?page_id=696\">BLOG HIGH TECH<\/a><\/h5>\n<p>Dans cette partie du site, vous trouverez un peu de tout concernant le high tech, les jeux vid\u00e9os, etc. Allant de tests de jeux vid\u00e9os, de critique de film, en passant par des tutos, \u00e0 des test de produits high tech. C&rsquo;est la section \u00ab\u00a0Geek\u00a0\u00bb pour ainsi dire.<\/p>\n<hr \/>\n<h5><a href=\"http:\/\/the-erudit-project.com\/?page_id=710\">NOUVELLES ET HISTOIRES COURTES<\/a><\/h5>\n<p>Voici la section o\u00f9 vous pourrez lire nos toutes derni\u00e8res histoires, que ce soit de l&rsquo;h\u00e9ro\u00efque fantasy, de la science fiction, ou des polar, nos toutes derni\u00e8res oeuvres litt\u00e9raires seront disponibles ici.<\/p>\n<hr \/>\n<h5><a href=\"http:\/\/the-erudit-project.com\/?page_id=50\">PROJETS ET \u00c9V\u00c9NEMENTS<\/a><\/h5>\n<p>Vous trouverez ici, tous les \u00e9v\u00e9nements et projets de notre \u00e9quipe directement en rapport ou non avec la s\u00e9rie, ce sera un peu le fourre tout pour toutes nos id\u00e9es cr\u00e9atives.<\/p>\n","protected":false},"excerpt":{"rendered":"<p>LES NOUVEAUT\u00c9S Ici, vous d\u00e9couvrirez toutes les nouveaut\u00e9s concernant la s\u00e9rie et l&rsquo;avanc\u00e9e de la s\u00e9rie&#8230; BLOG HIGH TECH Dans cette partie du site, vous trouverez un peu de tout concernant le high tech, les jeux vid\u00e9os, etc. Allant de tests de jeux vid\u00e9os, de critique de film, en passant par des tutos, \u00e0 des &hellip; <\/p>\n<p class=\"link-more\"><a href=\"http:\/\/the-erudit-project.com\/\" class=\"more-link\">Continuer la lecture<span class=\"screen-reader-text\"> de &laquo;&nbsp;The Erudit Project&nbsp;&raquo;<\/span><\/a><\/p>\n","protected":false},"author":3,"featured_media":0,"parent":0,"menu_order":0,"comment_status":"closed","ping_status":"closed","template":"","meta":{"jetpack_post_was_ever_published":false,"footnotes":""},"class_list":["post-2","page","type-page","status-publish","hentry"],"jetpack_sharing_enabled":true,"jetpack_shortlink":"https:\/\/wp.me\/P5FIAy-2","_links":{"self":[{"href":"http:\/\/the-erudit-project.com\/index.php?rest_route=\/wp\/v2\/pages\/2","targetHints":{"allow":["GET"]}}],"collection":[{"href":"http:\/\/the-erudit-project.com\/index.php?rest_route=\/wp\/v2\/pages"}],"about":[{"href":"http:\/\/the-erudit-project.com\/index.php?rest_route=\/wp\/v2\/types\/page"}],"author":[{"embeddable":true,"href":"http:\/\/the-erudit-project.com\/index.php?rest_route=\/wp\/v2\/users\/3"}],"replies":[{"embeddable":true,"href":"http:\/\/the-erudit-project.com\/index.php?rest_route=%2Fwp%2Fv2%2Fcomments&post=2"}],"version-history":[{"count":46,"href":"http:\/\/the-erudit-project.com\/index.php?rest_route=\/wp\/v2\/pages\/2\/revisions"}],"predecessor-version":[{"id":987,"href":"http:\/\/the-erudit-project.com\/index.php?rest_route=\/wp\/v2\/pages\/2\/revisions\/987"}],"wp:attachment":[{"href":"http:\/\/the-erudit-project.com\/index.php?rest_route=%2Fwp%2Fv2%2Fmedia&parent=2"}],"curies":[{"name":"wp","href":"https:\/\/api.w.org\/{rel}","templated":true}]}}