{"id":20,"date":"2015-01-27T23:15:30","date_gmt":"2015-01-27T23:15:30","guid":{"rendered":"http:\/\/the-erudit-project.com\/?page_id=20"},"modified":"2016-04-22T19:41:21","modified_gmt":"2016-04-22T19:41:21","slug":"les-erudits","status":"publish","type":"page","link":"http:\/\/the-erudit-project.com\/?page_id=20","title":{"rendered":"Les Erudits"},"content":{"rendered":"<h3><a href=\"https:\/\/i0.wp.com\/the-erudit-project.com\/forge\/uploads\/2015\/01\/forge3.jpg\"><img data-recalc-dims=\"1\" loading=\"lazy\" decoding=\"async\" class=\"alignleft wp-image-19\" src=\"https:\/\/i0.wp.com\/the-erudit-project.com\/forge\/uploads\/2015\/01\/forge3.jpg?resize=113%2C296\" alt=\"forge#3\" width=\"113\" height=\"296\" \/><\/a><strong>FORGE<\/strong><\/h3>\n<hr \/>\n<p><strong>Cat\u00e9gorie\u00a0:<\/strong> Alchimiste<\/p>\n<p><strong>Rang :<\/strong>\u00a0x<\/p>\n<p><strong>Description :\u00a0<\/strong>xxxxx<\/p>\n<p>&nbsp;<\/p>\n<h3><a href=\"https:\/\/i0.wp.com\/the-erudit-project.com\/forge\/uploads\/2015\/02\/megane9.jpg\"><img data-recalc-dims=\"1\" loading=\"lazy\" decoding=\"async\" class=\"alignleft wp-image-110\" src=\"https:\/\/i0.wp.com\/the-erudit-project.com\/forge\/uploads\/2015\/02\/megane9.jpg?resize=113%2C227\" alt=\"megane#9\" width=\"113\" height=\"227\" srcset=\"https:\/\/i0.wp.com\/the-erudit-project.com\/forge\/uploads\/2015\/02\/megane9.jpg?resize=149%2C300 149w, https:\/\/i0.wp.com\/the-erudit-project.com\/forge\/uploads\/2015\/02\/megane9.jpg?resize=509%2C1024 509w, https:\/\/i0.wp.com\/the-erudit-project.com\/forge\/uploads\/2015\/02\/megane9.jpg?w=1050 1050w, https:\/\/i0.wp.com\/the-erudit-project.com\/forge\/uploads\/2015\/02\/megane9.jpg?w=1575 1575w\" sizes=\"auto, (max-width: 113px) 100vw, 113px\" \/><\/a><b>MEGANE<\/b><\/h3>\n<hr \/>\n<p><strong>Cat\u00e9gorie\u00a0: <\/strong>Banshee<\/p>\n<p><strong>Rang :<\/strong>\u00a0x<\/p>\n<p><strong>Description :<\/strong>\u00a0xxxxx<\/p>\n<p>&nbsp;<\/p>\n<h3><a href=\"https:\/\/i0.wp.com\/the-erudit-project.com\/forge\/uploads\/2015\/02\/eugene3.jpg\"><img data-recalc-dims=\"1\" loading=\"lazy\" decoding=\"async\" class=\"alignleft wp-image-139\" src=\"https:\/\/i0.wp.com\/the-erudit-project.com\/forge\/uploads\/2015\/02\/eugene3.jpg?resize=113%2C261\" alt=\"eugene#3\" width=\"113\" height=\"261\" srcset=\"https:\/\/i0.wp.com\/the-erudit-project.com\/forge\/uploads\/2015\/02\/eugene3.jpg?resize=130%2C300 130w, https:\/\/i0.wp.com\/the-erudit-project.com\/forge\/uploads\/2015\/02\/eugene3.jpg?resize=443%2C1024 443w, https:\/\/i0.wp.com\/the-erudit-project.com\/forge\/uploads\/2015\/02\/eugene3.jpg?w=1652 1652w, https:\/\/i0.wp.com\/the-erudit-project.com\/forge\/uploads\/2015\/02\/eugene3.jpg?w=1050 1050w, https:\/\/i0.wp.com\/the-erudit-project.com\/forge\/uploads\/2015\/02\/eugene3.jpg?w=1575 1575w\" sizes=\"auto, (max-width: 113px) 100vw, 113px\" \/><\/a><b>EUGENE<\/b><\/h3>\n<hr \/>\n<p><strong>Cat\u00e9gorie\u00a0: <\/strong>???<\/p>\n<p><strong>Rang :<\/strong>\u00a00<\/p>\n<p><strong>Description :<\/strong>\u00a0Eug\u00e8ne est un jeune lyc\u00e9en de 17 ans, anti-h\u00e9ros par excellence. Son peu de r\u00e9confort, il le trouve dans ses jeux vid\u00e9os et ses bandes dessin\u00e9es.<\/p>\n<p>&nbsp;<\/p>\n","protected":false},"excerpt":{"rendered":"<p>FORGE Cat\u00e9gorie\u00a0: Alchimiste Rang :\u00a0x Description :\u00a0xxxxx &nbsp; MEGANE Cat\u00e9gorie\u00a0: Banshee Rang :\u00a0x Description :\u00a0xxxxx &nbsp; EUGENE Cat\u00e9gorie\u00a0: ??? Rang :\u00a00 Description :\u00a0Eug\u00e8ne est un jeune lyc\u00e9en de 17 ans, anti-h\u00e9ros par excellence. Son peu de r\u00e9confort, il le trouve dans ses jeux vid\u00e9os et ses bandes dessin\u00e9es. &nbsp;<\/p>\n","protected":false},"author":3,"featured_media":0,"parent":124,"menu_order":0,"comment_status":"closed","ping_status":"closed","template":"","meta":{"jetpack_post_was_ever_published":false,"footnotes":""},"class_list":["post-20","page","type-page","status-publish","hentry"],"jetpack_sharing_enabled":true,"jetpack_shortlink":"https:\/\/wp.me\/P5FIAy-k","_links":{"self":[{"href":"http:\/\/the-erudit-project.com\/index.php?rest_route=\/wp\/v2\/pages\/20","targetHints":{"allow":["GET"]}}],"collection":[{"href":"http:\/\/the-erudit-project.com\/index.php?rest_route=\/wp\/v2\/pages"}],"about":[{"href":"http:\/\/the-erudit-project.com\/index.php?rest_route=\/wp\/v2\/types\/page"}],"author":[{"embeddable":true,"href":"http:\/\/the-erudit-project.com\/index.php?rest_route=\/wp\/v2\/users\/3"}],"replies":[{"embeddable":true,"href":"http:\/\/the-erudit-project.com\/index.php?rest_route=%2Fwp%2Fv2%2Fcomments&post=20"}],"version-history":[{"count":12,"href":"http:\/\/the-erudit-project.com\/index.php?rest_route=\/wp\/v2\/pages\/20\/revisions"}],"predecessor-version":[{"id":357,"href":"http:\/\/the-erudit-project.com\/index.php?rest_route=\/wp\/v2\/pages\/20\/revisions\/357"}],"up":[{"embeddable":true,"href":"http:\/\/the-erudit-project.com\/index.php?rest_route=\/wp\/v2\/pages\/124"}],"wp:attachment":[{"href":"http:\/\/the-erudit-project.com\/index.php?rest_route=%2Fwp%2Fv2%2Fmedia&parent=20"}],"curies":[{"name":"wp","href":"https:\/\/api.w.org\/{rel}","templated":true}]}}