{"id":39,"date":"2015-01-28T21:15:39","date_gmt":"2015-01-28T21:15:39","guid":{"rendered":"http:\/\/the-erudit-project.com\/?page_id=39"},"modified":"2020-04-10T09:13:14","modified_gmt":"2020-04-10T09:13:14","slug":"histoire","status":"publish","type":"page","link":"http:\/\/the-erudit-project.com\/?page_id=39","title":{"rendered":"Histoire"},"content":{"rendered":"<p>Pour ne pas vous spoiler enti\u00e8rement la s\u00e9rie je vous propose un synopsis. Sachez que la saison 1 est enti\u00e8rement \u00e9crite et que l&rsquo;enregistrement audio a d\u00e9j\u00e0 commenc\u00e9 (voir page :\u00a0 <a href=\"http:\/\/the-erudit-project.com\/?page_id=52\">les vid\u00e9os<\/a> pour les premiers \u00e9pisodes).<\/p>\n<hr \/>\n<p><a href=\"https:\/\/i0.wp.com\/the-erudit-project.com\/forge\/uploads\/2020\/04\/eug%C3%A8ne.jpg\"><img data-recalc-dims=\"1\" loading=\"lazy\" decoding=\"async\" class=\"alignnone wp-image-1012 size-large\" src=\"https:\/\/i0.wp.com\/the-erudit-project.com\/forge\/uploads\/2020\/04\/eug%C3%A8ne.jpg?resize=525%2C295\" alt=\"\" width=\"525\" height=\"295\" srcset=\"https:\/\/i0.wp.com\/the-erudit-project.com\/forge\/uploads\/2020\/04\/eug%C3%A8ne.jpg?resize=1024%2C576 1024w, https:\/\/i0.wp.com\/the-erudit-project.com\/forge\/uploads\/2020\/04\/eug%C3%A8ne.jpg?resize=300%2C169 300w, https:\/\/i0.wp.com\/the-erudit-project.com\/forge\/uploads\/2020\/04\/eug%C3%A8ne.jpg?resize=768%2C432 768w, https:\/\/i0.wp.com\/the-erudit-project.com\/forge\/uploads\/2020\/04\/eug%C3%A8ne.jpg?w=1280 1280w\" sizes=\"auto, (max-width: 525px) 100vw, 525px\" \/><\/a><\/p>\n<p><span style=\"text-decoration: underline;\">Synopsis de la saison 1:<\/span><\/p>\n<p>Eug\u00e8ne est un jeune lyc\u00e9en de 17 ans, anti-h\u00e9ro par excellence. Il a du mal \u00e0 s\u2019int\u00e9grer. Il est la ris\u00e9e de ses camarades et il se laisse facilement distraire, si bien que ses professeurs ne l\u2019appr\u00e9cient pas franchement non plus. Tandis que les jeunes de sa cit\u00e9 n&rsquo;h\u00e9sitent pas \u00e0 lui racketter son go\u00fbter.<\/p>\n<p>Son peu de r\u00e9confort, il le trouve dans ses jeux vid\u00e9os et ses bandes dessin\u00e9es.<\/p>\n<p>Jusqu&rsquo;au jour o\u00f9, il d\u00e9cide de devenir un super h\u00e9ro. Il va alors se retrouver embarqu\u00e9\u00a0dans une sale affaire qui va l&rsquo;amener \u00e0 d\u00e9couvrir des individus hors du commun : Les \u00c9rudits !!!<\/p>\n<hr \/>\n<h2>Les personnages<\/h2>\n<p>Pour d\u00e9couvrir les personnages de la s\u00e9rie cliquez <a href=\"http:\/\/the-erudit-project.com\/?page_id=124\">ici<\/a>.<\/p>\n","protected":false},"excerpt":{"rendered":"<p>Pour ne pas vous spoiler enti\u00e8rement la s\u00e9rie je vous propose un synopsis. Sachez que la saison 1 est enti\u00e8rement \u00e9crite et que l&rsquo;enregistrement audio a d\u00e9j\u00e0 commenc\u00e9 (voir page :\u00a0 les vid\u00e9os pour les premiers \u00e9pisodes). Synopsis de la saison 1: Eug\u00e8ne est un jeune lyc\u00e9en de 17 ans, anti-h\u00e9ro par excellence. Il a &hellip; <\/p>\n<p class=\"link-more\"><a href=\"http:\/\/the-erudit-project.com\/?page_id=39\" class=\"more-link\">Continuer la lecture<span class=\"screen-reader-text\"> de &laquo;&nbsp;Histoire&nbsp;&raquo;<\/span><\/a><\/p>\n","protected":false},"author":3,"featured_media":0,"parent":0,"menu_order":0,"comment_status":"open","ping_status":"open","template":"","meta":{"jetpack_post_was_ever_published":false,"footnotes":""},"class_list":["post-39","page","type-page","status-publish","hentry"],"jetpack_sharing_enabled":true,"jetpack_shortlink":"https:\/\/wp.me\/P5FIAy-D","_links":{"self":[{"href":"http:\/\/the-erudit-project.com\/index.php?rest_route=\/wp\/v2\/pages\/39","targetHints":{"allow":["GET"]}}],"collection":[{"href":"http:\/\/the-erudit-project.com\/index.php?rest_route=\/wp\/v2\/pages"}],"about":[{"href":"http:\/\/the-erudit-project.com\/index.php?rest_route=\/wp\/v2\/types\/page"}],"author":[{"embeddable":true,"href":"http:\/\/the-erudit-project.com\/index.php?rest_route=\/wp\/v2\/users\/3"}],"replies":[{"embeddable":true,"href":"http:\/\/the-erudit-project.com\/index.php?rest_route=%2Fwp%2Fv2%2Fcomments&post=39"}],"version-history":[{"count":14,"href":"http:\/\/the-erudit-project.com\/index.php?rest_route=\/wp\/v2\/pages\/39\/revisions"}],"predecessor-version":[{"id":1013,"href":"http:\/\/the-erudit-project.com\/index.php?rest_route=\/wp\/v2\/pages\/39\/revisions\/1013"}],"wp:attachment":[{"href":"http:\/\/the-erudit-project.com\/index.php?rest_route=%2Fwp%2Fv2%2Fmedia&parent=39"}],"curies":[{"name":"wp","href":"https:\/\/api.w.org\/{rel}","templated":true}]}}