{"id":50,"date":"2015-01-28T22:16:08","date_gmt":"2015-01-28T22:16:08","guid":{"rendered":"http:\/\/the-erudit-project.com\/?page_id=50"},"modified":"2015-01-28T22:16:08","modified_gmt":"2015-01-28T22:16:08","slug":"evenements","status":"publish","type":"page","link":"http:\/\/the-erudit-project.com\/?page_id=50","title":{"rendered":"Ev\u00e9nements"},"content":{"rendered":"<p>Pour c\u00e9l\u00e9brer le lancement du site et l&rsquo;avanc\u00e9\u00a0du tournage de notre web s\u00e9rie, nous\u00a0envisageons de lancer un grand concours, avec de\u00a0nombreux\u00a0cadeaux \u00e0 la cl\u00e9. Vous en saurez plus d&rsquo;ici quelques jours&#8230;<\/p>\n","protected":false},"excerpt":{"rendered":"<p>Pour c\u00e9l\u00e9brer le lancement du site et l&rsquo;avanc\u00e9\u00a0du tournage de notre web s\u00e9rie, nous\u00a0envisageons de lancer un grand concours, avec de\u00a0nombreux\u00a0cadeaux \u00e0 la cl\u00e9. Vous en saurez plus d&rsquo;ici quelques jours&#8230;<\/p>\n","protected":false},"author":3,"featured_media":0,"parent":0,"menu_order":0,"comment_status":"open","ping_status":"open","template":"","meta":{"jetpack_post_was_ever_published":false,"footnotes":""},"class_list":["post-50","page","type-page","status-publish","hentry"],"jetpack_sharing_enabled":true,"jetpack_shortlink":"https:\/\/wp.me\/P5FIAy-O","_links":{"self":[{"href":"http:\/\/the-erudit-project.com\/index.php?rest_route=\/wp\/v2\/pages\/50","targetHints":{"allow":["GET"]}}],"collection":[{"href":"http:\/\/the-erudit-project.com\/index.php?rest_route=\/wp\/v2\/pages"}],"about":[{"href":"http:\/\/the-erudit-project.com\/index.php?rest_route=\/wp\/v2\/types\/page"}],"author":[{"embeddable":true,"href":"http:\/\/the-erudit-project.com\/index.php?rest_route=\/wp\/v2\/users\/3"}],"replies":[{"embeddable":true,"href":"http:\/\/the-erudit-project.com\/index.php?rest_route=%2Fwp%2Fv2%2Fcomments&post=50"}],"version-history":[{"count":1,"href":"http:\/\/the-erudit-project.com\/index.php?rest_route=\/wp\/v2\/pages\/50\/revisions"}],"predecessor-version":[{"id":51,"href":"http:\/\/the-erudit-project.com\/index.php?rest_route=\/wp\/v2\/pages\/50\/revisions\/51"}],"wp:attachment":[{"href":"http:\/\/the-erudit-project.com\/index.php?rest_route=%2Fwp%2Fv2%2Fmedia&parent=50"}],"curies":[{"name":"wp","href":"https:\/\/api.w.org\/{rel}","templated":true}]}}