{"id":52,"date":"2015-01-28T22:19:42","date_gmt":"2015-01-28T22:19:42","guid":{"rendered":"http:\/\/the-erudit-project.com\/?page_id=52"},"modified":"2020-04-19T14:30:49","modified_gmt":"2020-04-19T14:30:49","slug":"les-videos","status":"publish","type":"page","link":"http:\/\/the-erudit-project.com\/?page_id=52","title":{"rendered":"Les Vid\u00e9os"},"content":{"rendered":"<p>Voici la fameuse page o\u00f9 vous aurez bient\u00f4t tous les \u00e9pisodes de la s\u00e9rie.<\/p>\n<p><strong>Bande annonce #1&nbsp; :<\/strong><\/p>\n<p><iframe loading=\"lazy\" src=\"https:\/\/www.youtube.com\/embed\/jpq93MrBD0Q?rel=0&#038;showinfo=0\" width=\"360\" height=\"272\" frameborder=\"0\" allowfullscreen><\/iframe><\/p>\n<p>GRANDE NOUVEAUT\u00c9 !! Vous pouvez d\u00e9sormais retrouver les premiers \u00e9pisodes en version test (sans BO) ci-dessous. N&rsquo;h\u00e9sitez pas \u00e0 donner votre avis et \u00e0 \u00e9mettre des remarques <strong>constructives. <\/strong><\/p>\n<p>Pas de \u00ab\u00a0c&rsquo;est naze\u00a0\u00bb ou \u00ab\u00a0\u00e0 chier\u00a0\u00bb s&rsquo;il vous plait, merci d&rsquo;avance de vos retours.<\/p>\n<p><strong>Prologue :<\/strong><\/p>\n<p><iframe loading=\"lazy\" title=\"The Erudit Project\" width=\"525\" height=\"295\" src=\"https:\/\/www.youtube.com\/embed\/Yp-oEKopJHQ?feature=oembed\" frameborder=\"0\" allow=\"accelerometer; autoplay; clipboard-write; encrypted-media; gyroscope; picture-in-picture; web-share\" referrerpolicy=\"strict-origin-when-cross-origin\" allowfullscreen><\/iframe><\/p>\n<p><strong>\u00c9pisode 1 :&nbsp;<\/strong><\/p>\n<p>(Ci-dessous, la version remast\u00e9ris\u00e9e.)<\/p>\n<p><iframe loading=\"lazy\" title=\"Episode 1 (version 2)\" width=\"525\" height=\"295\" src=\"https:\/\/www.youtube.com\/embed\/-Ai27_ICLIg?feature=oembed\" frameborder=\"0\" allow=\"accelerometer; autoplay; clipboard-write; encrypted-media; gyroscope; picture-in-picture; web-share\" referrerpolicy=\"strict-origin-when-cross-origin\" allowfullscreen><\/iframe><\/p>\n<p><strong>\u00c9pisode 2 :&nbsp;<\/strong><\/p>\n<p>&nbsp;<\/p>\n<p><iframe loading=\"lazy\" title=\"\u00e9pisode 2\" width=\"525\" height=\"295\" src=\"https:\/\/www.youtube.com\/embed\/r8ViZG6J9Qk?feature=oembed\" frameborder=\"0\" allow=\"accelerometer; autoplay; clipboard-write; encrypted-media; gyroscope; picture-in-picture; web-share\" referrerpolicy=\"strict-origin-when-cross-origin\" allowfullscreen><\/iframe><\/p>\n<p><strong>\u00c9pisode 3 :&nbsp;<\/strong><\/p>\n<p><iframe loading=\"lazy\" title=\"\u00e9pisode 3\" width=\"525\" height=\"295\" src=\"https:\/\/www.youtube.com\/embed\/uMwHXE9HNJE?feature=oembed\" frameborder=\"0\" allow=\"accelerometer; autoplay; clipboard-write; encrypted-media; gyroscope; picture-in-picture; web-share\" referrerpolicy=\"strict-origin-when-cross-origin\" allowfullscreen><\/iframe><\/p>\n<p><strong>\u00c9pisode 4 :&nbsp;<\/strong><\/p>\n<p>(\u00c9pisode un peu plus long que d&rsquo;habitude, j&rsquo;esp\u00e8re qu&rsquo;il vous plaira)<\/p>\n<p><iframe loading=\"lazy\" title=\"Episode 4\" width=\"525\" height=\"295\" src=\"https:\/\/www.youtube.com\/embed\/WeWpp1m4CbM?feature=oembed\" frameborder=\"0\" allow=\"accelerometer; autoplay; clipboard-write; encrypted-media; gyroscope; picture-in-picture; web-share\" referrerpolicy=\"strict-origin-when-cross-origin\" allowfullscreen><\/iframe><\/p>\n<p><strong>\u00c9pisode 5 :&nbsp;<\/strong><\/p>\n<p><iframe loading=\"lazy\" title=\"\u00e9pisode 5\" width=\"525\" height=\"295\" src=\"https:\/\/www.youtube.com\/embed\/cnswhokUJMU?feature=oembed\" frameborder=\"0\" allow=\"accelerometer; autoplay; clipboard-write; encrypted-media; gyroscope; picture-in-picture; web-share\" referrerpolicy=\"strict-origin-when-cross-origin\" allowfullscreen><\/iframe><\/p>\n<p>(pour retrouver une bande dessin\u00e9e illustrant une partie de l&rsquo;\u00e9pisode 5, cliquez <a href=\"http:\/\/the-erudit-project.com\/?page_id=1002\">ici<\/a>, nous vous conseillons toutefois d&rsquo;avoir \u00e9cout\u00e9 l&rsquo;\u00e9pisode auparavant)<\/p>\n<p><strong>\u00c9pisode 6 :&nbsp;<\/strong><\/p>\n<p><iframe loading=\"lazy\" title=\"\u00e9pisode 6\" width=\"525\" height=\"295\" src=\"https:\/\/www.youtube.com\/embed\/fp728hnHeuk?feature=oembed\" frameborder=\"0\" allow=\"accelerometer; autoplay; clipboard-write; encrypted-media; gyroscope; picture-in-picture; web-share\" referrerpolicy=\"strict-origin-when-cross-origin\" allowfullscreen><\/iframe><\/p>\n<p><strong>\u00c9pisode 7 :&nbsp;<\/strong><\/p>\n<p><iframe loading=\"lazy\" title=\"\u00e9pisode 7\" width=\"525\" height=\"295\" src=\"https:\/\/www.youtube.com\/embed\/aSL5XDojye0?feature=oembed\" frameborder=\"0\" allow=\"accelerometer; autoplay; clipboard-write; encrypted-media; gyroscope; picture-in-picture; web-share\" referrerpolicy=\"strict-origin-when-cross-origin\" allowfullscreen><\/iframe><\/p>\n","protected":false},"excerpt":{"rendered":"<p>Voici la fameuse page o\u00f9 vous aurez bient\u00f4t tous les \u00e9pisodes de la s\u00e9rie. Bande annonce #1&nbsp; : GRANDE NOUVEAUT\u00c9 !! Vous pouvez d\u00e9sormais retrouver les premiers \u00e9pisodes en version test (sans BO) ci-dessous. N&rsquo;h\u00e9sitez pas \u00e0 donner votre avis et \u00e0 \u00e9mettre des remarques constructives. Pas de \u00ab\u00a0c&rsquo;est naze\u00a0\u00bb ou \u00ab\u00a0\u00e0 chier\u00a0\u00bb s&rsquo;il vous &hellip; <\/p>\n<p class=\"link-more\"><a href=\"http:\/\/the-erudit-project.com\/?page_id=52\" class=\"more-link\">Continuer la lecture<span class=\"screen-reader-text\"> de &laquo;&nbsp;Les Vid\u00e9os&nbsp;&raquo;<\/span><\/a><\/p>\n","protected":false},"author":3,"featured_media":0,"parent":0,"menu_order":0,"comment_status":"open","ping_status":"open","template":"","meta":{"jetpack_post_was_ever_published":false,"footnotes":""},"class_list":["post-52","page","type-page","status-publish","hentry"],"jetpack_sharing_enabled":true,"jetpack_shortlink":"https:\/\/wp.me\/P5FIAy-Q","_links":{"self":[{"href":"http:\/\/the-erudit-project.com\/index.php?rest_route=\/wp\/v2\/pages\/52","targetHints":{"allow":["GET"]}}],"collection":[{"href":"http:\/\/the-erudit-project.com\/index.php?rest_route=\/wp\/v2\/pages"}],"about":[{"href":"http:\/\/the-erudit-project.com\/index.php?rest_route=\/wp\/v2\/types\/page"}],"author":[{"embeddable":true,"href":"http:\/\/the-erudit-project.com\/index.php?rest_route=\/wp\/v2\/users\/3"}],"replies":[{"embeddable":true,"href":"http:\/\/the-erudit-project.com\/index.php?rest_route=%2Fwp%2Fv2%2Fcomments&post=52"}],"version-history":[{"count":19,"href":"http:\/\/the-erudit-project.com\/index.php?rest_route=\/wp\/v2\/pages\/52\/revisions"}],"predecessor-version":[{"id":1020,"href":"http:\/\/the-erudit-project.com\/index.php?rest_route=\/wp\/v2\/pages\/52\/revisions\/1020"}],"wp:attachment":[{"href":"http:\/\/the-erudit-project.com\/index.php?rest_route=%2Fwp%2Fv2%2Fmedia&parent=52"}],"curies":[{"name":"wp","href":"https:\/\/api.w.org\/{rel}","templated":true}]}}