{"id":693,"date":"2018-12-19T18:00:41","date_gmt":"2018-12-19T18:00:41","guid":{"rendered":"http:\/\/the-erudit-project.com\/?page_id=693"},"modified":"2018-12-19T21:13:53","modified_gmt":"2018-12-19T21:13:53","slug":"les-pixtes","status":"publish","type":"page","link":"http:\/\/the-erudit-project.com\/?page_id=693","title":{"rendered":"Les Pixtes"},"content":{"rendered":"<p><em>Journal de bord de la mission XESION<\/em><\/p>\n<p>Nous arriv\u00e2mes en ce 15e jours du cycle av\u00e9riun de l&rsquo;an 4052 du consortium sur la plan\u00e8te Pixt-AD4.<\/p>\n<p>Nous d\u00e9barqu\u00e2mes rapidement \u00e0 l&rsquo;aide d&rsquo;une capsule d&rsquo;exploration tandis que notre vaisseau restait en orbite autour de la plan\u00e8te notre pilote restant \u00e0 son bord. Celui-ci n&rsquo;aurait pas \u00e0 patienter bien longtemps notre mission ne devait durer qu&rsquo;une semaine.<\/p>\n<p>Notre \u00e9quipage \u00e9tait compos\u00e9: du professeur Engush, un \u00e9minent scientifique ; d\u2019un explorateur: M. Flinch; de deux aides de camp: plus exactement des mercenaires cens\u00e9s assurer notre protection, deux homme \u00e0 l\u2019air patibulaire et \u00e0 la carrure impressionnante, dont j\u2019ignorai tout y compris le nom; puis notre capitaine et sponsor le docteur Walsh, dont je savais, sommes toutes, fort peu de choses si ce n\u2019est qu\u2019il avait fait fortune dans les mines de Damatar renomm\u00e9es depuis \u00e0 son effigie; ainsi que moi-m\u00eame, professeur Barthylius ethnologue de profession.<\/p>\n<p>Notre petit groupe fit rapidement la rencontre d&rsquo;autochtones: les Pixtes. Un peuple \u00e9trange de cette plan\u00e8te, des petites cr\u00e9atures au c\u0153ur bleu luisant \u00e0 travers la poitrine.<\/p>\n<p>A l&rsquo;origine nous les avions pris pour pacifiques mais ils s\u2019\u00e9taient r\u00e9v\u00e9l\u00e9s belliqueux dans des circonstances myst\u00e9rieuses lors de la pr\u00e9c\u00e9dente et unique exp\u00e9dition men\u00e9e quelques mois plus t\u00f4t sur leur plan\u00e8te. A un tel point que l&rsquo;\u00e9quipe de recherche avait d\u00fb \u00eatre \u00e9vacu\u00e9e apr\u00e8s la perte d&rsquo;un de ses membres.<\/p>\n<p>Vous comprendrez donc que nous \u00e9tions \u00e9quip\u00e9 de fusils paralysants et de colliers de contr\u00f4le hypnotiques.<\/p>\n<p>Comme je vous le disais, nous e\u00fbmes donc la chance ou l\u2019infortune, vous en jugerez pas vous m\u00eame, de rencontrer assez rapidement un groupe de Pixtes.<\/p>\n<p>Nous f\u00eemes tous usage de nos fusils paralysants avec plus ou moins de succ\u00e8s, le professeur Engush par exemple r\u00e9ussi seulement \u00e0 se paralyser le pied tandis que je me contentais de vider mes cartouches dans le vide. Heureusement nos aides de camp se r\u00e9v\u00e9l\u00e8rent fort ad\u00e9quats dans cette situation et nous maitris\u00e2mes assez rapidement la dizaine de Pixtes, arm\u00e9s de lances, sans plus d\u2019incidents qu\u2019un pied paralys\u00e9.<\/p>\n<p>Nos prisonniers furent ainsi \u00e9quip\u00e9s, par nos soins de colliers hypnotiques, ils nous serviraient de guide ou d\u2019otages au cas o\u00f9 la situation deviendrait p\u00e9rilleuse.<\/p>\n<p>Nous avan\u00e7\u00e2mes p\u00e9niblement sur le manteau de neige et de glace qui recouvrait les trois quarts de cette plan\u00e8te. Attel\u00e9 \u00e0 nos \u00abh\u00f4tes\u00a0\u00bb malgr\u00e9 eux, les colliers leur intimaient l&rsquo;ordre de se rendre vers leur cit\u00e9 tout en inhibant toute \u00e9motion ou esprit de rebellions.<\/p>\n<p>Nous franch\u00eemes des abimes profonds sur des ponts branlants, nous longe\u00e2mes d\u2019impressionnantes crevasses et nous cr\u00fbment perdre nos guides \u00e0 plusieurs reprises tant leur petits corps disparaissaient facilement dans les d\u00e9pressions du paysage.<\/p>\n<p>Nous nous dirige\u00e2mes pendant deux jours et deux nuits vers la cit\u00e9 ne prenant que quelques heures de repos, notre rythme de sommeil toujours cal\u00e9 sur notre plan\u00e8te d\u2019origine, nous avions du mal \u00e0 nous adapter au cycle de rotation d\u2019environ 21 jours de la plan\u00e8te Pixt.<\/p>\n<p>Nous avions d\u00e9j\u00e0 perdu le contact avec notre vaisseau, une temp\u00eate de neige brouillant les communications.<\/p>\n<p>Alors que nous \u00e9tions tous \u00e9reint\u00e9s, nous arriv\u00e2mes en vu de la cit\u00e9. Nous d\u00e9cid\u00e2mes donc d\u2019enlever leur cha\u00eenes \u00e0 nos captifs pour qu\u2019ils puissent rentrer dans leur village.<\/p>\n<p>D\u2019apr\u00e8s nos connaissances pr\u00e9c\u00e9demment acquise \u00e0 l&rsquo;aide de sondes d\u2019observation, la soci\u00e9t\u00e9 des Pixtes \u00e9tait principalement organis\u00e9e autour de leur Cit\u00e9 mais certaines tribus de chasseurs vivaient dans des villages sous des glaciers, sans doute l\u2019une de ces tribus s\u2019\u00e9tait port\u00e9e \u00e0 notre rencontre et nous servait malgr\u00e9 elle de guide.<\/p>\n<p>Nous rel\u00e2ch\u00e2mes donc nos prisonniers et nous \u00e9tions sur le point de nous \u00e9loigner tout en d\u00e9sactivant le contr\u00f4le de leurs colliers hypnotiques. Quand soudainement un vaisseau blanc fond\u00eet sur nous.<\/p>\n<p>Nous f\u00fbmes rapidement frapp\u00e9s par une impulsion \u00e9lectromagn\u00e9tique qui neutralisa imm\u00e9diatement nos armes ainsi que les colliers hypnotiques.<\/p>\n<p>Nos mercenaires se dress\u00e8rent devant nous, tandis que les Pixtes lib\u00e9r\u00e9s de l\u2019emprise des colliers furent pris de rage.<\/p>\n<p>Une lueur de folie dans les yeux, il ne leur fallu qu\u2019un instant pour se jeter sur nous sans que nous ne sachions pourquoi. Nos aides de camp faisant rempart de leur corps, les Pixtes se ru\u00e8rent sur eux comme de beaux diables mordant et griffant partout o\u00f9 ils le pouvaient.<\/p>\n<p>Un de nos protecteurs, un grand brun d\u2019environ 110kg, s\u2019effondra sous leurs assauts, tandis que l\u2019autre nous criait de nous mettre \u00e0 l\u2019abri.<\/p>\n<p>Trop frapp\u00e9 de stupeur pour r\u00e9agir mon corps ne m\u2019ob\u00e9issait plus et je restait fig\u00e9 devant cette sc\u00e8ne se d\u00e9roulant au ralenti sous mes yeux impuissants.<\/p>\n<p>Le docteur Walsh m\u2019attrapa par le bras pour m\u2019attirer \u00e0 l\u2019\u00e9cart, tandis que notre deuxi\u00e8me garde du corps se d\u00e9barrassait d\u2019un de ses adversaires \u00e0 l\u2019aide d\u2019une lame dissimu\u00e9e dans sa manche. Mais cela ne fit que retarder l\u2019in\u00e9vitable: une horde de petites furies bleut\u00e9es se jetait d\u00e9j\u00e0 \u00e0 l\u2019assaut du colosse.<\/p>\n<p>Le professeur Engush et M. Flinch se frayaient plus ou moins maladroitement un chemin vers l\u2019est \u00e0 l\u2019aide de leur fusil paralysant.<\/p>\n<p>Le docteur Walsh eu la brillante id\u00e9e de m&rsquo;entra\u00eener en direction de notre capsule. Alors que j\u2019h\u00e9sitais \u00e0 abandonner mes compagnon, le docteur Walsh s&rsquo;exclama: \u00ab\u00a0ils nous rejoindront \u00e0 la navette ! \u00bb. Les Pixtes se ru\u00e8rent dans notre direction ce qui mit fin \u00e0 toutes mes h\u00e9sitations.<\/p>\n<p>Nous cour\u00fbmes \u00e0 en perdre le souffle et m\u00eame au del\u00e0. Mes poumons br\u00fbl\u00e9s par l\u2019air glacial me suppliaient de ralentir tandis que mes jambes semblaient se d\u00e9rober \u00e0 chaque enjamb\u00e9e mais je persistais.<\/p>\n<p>Nos corps plus grands nous conf\u00e9raient un l\u00e9ger avantage sur nos assaillants. Mais je savais, pour les avoir c\u00f4toy\u00e9 ces derniers jours, que leur r\u00e9sistance \u00e9tait \u00e0 toute \u00e9preuve. Nous poursuiv\u00eemes ainsi notre course, combien de temps je ne saurai le dire mais nous arriv\u00e2mes finalement aux abords de la falaise o\u00f9 nous avions perdu le signal de notre navette.<\/p>\n<p>Tandis que le docteur Walsh sortait son transpondeur, je tentais de bloquer le passage \u00e9troit en renversant des pierres et de la neige.<\/p>\n<p>Compl\u00e8tement \u00e0 bout de souffle nous pr\u00eemes quelques instants pour r\u00e9cup\u00e9rer. Ma gorge me br\u00fblait, mes jambes \u00e9taient tellement lourdes et engourdies qu\u2019on les eues cru coul\u00e9es dans du b\u00e9ton.<\/p>\n<p>Le docteur Walsh programmait f\u00e9brilement notre capsule pour qu\u2019elle nous rejoigne tandis que je tentais de me r\u00e9chauffer et de reprendre mon souffle. Malheureusement nous n\u2019e\u00fbmes que peu de r\u00e9pit, les Pixtes \u00e9taient de nouveau en vue et le vaisseau blanc les suivait, une lueur que je ne connaissais que trop bien s\u2019en d\u00e9gageait : un champs de stase \u00e9lectromagn\u00e9tique. Au moindre contact nous serions paralys\u00e9 et pris au pi\u00e8ge, n\u00e9anmoins le vaisseau semblait tranquillement suivre les Pixtes et ne faisait pas mine de les d\u00e9passer pour nous capturer. Soit que la man\u0153uvre \u00e9tait inconnue de son pilote soit qu\u2019il pr\u00e9f\u00e9rait une lente partie de chasse \u00e0 une attaque rapide au d\u00e9nouement trop pr\u00e9visible.<\/p>\n<p>Nous repr\u00eemes donc notre course effr\u00e9n\u00e9e en direction de notre navette qui avan\u00e7ait d\u00e9sormais \u00e0 notre rencontre.<\/p>\n<p>Pouss\u00e9s par la peur et peut-\u00eatre aussi par l\u2019espoir de survie, je pense que nous accompl\u00eemes des prouesses bien au del\u00e0 de ce que notre condition physique nous l\u2019eut permis en d\u2019autres circonstances.<\/p>\n<p>Nous \u00e9tions de retour au dessus de l\u2019ab\u00eeme travers\u00e9e la veille, sur le pont de cordes, quand nous entend\u00eemes un cri, les Pixtes arriv\u00e9s au seuil du pont semblaient d\u00e9battre de la marche \u00e0 suivre. Quand l\u2019un d\u2019eux se lan\u00e7a dans l\u2019entreprise de couper les liens du pont avec sa lance, la corde se d\u00e9composait d\u00e9j\u00e0 et nous n\u2019\u00e9tions qu\u2019\u00e0 mi-parcourt. Tandis que le vaisseau blanc contournait subitement les Pixtes pour venir nous prendre en tenaille.<\/p>\n<p>Au milieu de tout ce malheur la chance nous sourit soudain notre navette apparut, volant \u00e0 l\u2019int\u00e9rieur de l\u2019abysse, si bien que les Pixtes ne l\u2019avait pas encore rep\u00e9r\u00e9. Je criais au capitaine Walsh de s\u2019agripper au cordage du pont. Si nous arrivions \u00e0 tenir nous \u00e9tions sauv\u00e9s.<\/p>\n<p>Le pont se d\u00e9roba subitement sous nos pieds. Dans un r\u00e9flexe totalement inattendu de ma part, je trouvais la force de m\u2019accrocher au cordes et de me retourner pour ne pr\u00e9senter que mon dos \u00e0 la falaise au moment de l\u2019in\u00e9vitable impact et celui ci ne se f\u00eet pas attendre.<\/p>\n<p>Le choc manqua me faire l\u00e2cher prise mais je tint bon.<\/p>\n<p>Malheureusement je ne peux en dire autant de Walsh mon coll\u00e8gue et sauveur qui f\u00fbt pr\u00e9cipit\u00e9 au fond de l&rsquo;abysse.<\/p>\n<p>Avec lui j&rsquo;allais aussi perdre ma seule chance de salut: la navette qui \u00e9tait toujours programm\u00e9e pour le suivre. Je me jetai, dans une tentative d\u00e9sesp\u00e9r\u00e9e sur la capsule alors qu\u2019elle passait \u00e0 proximit\u00e9.<\/p>\n<p>Je n\u2019eu qu\u2019un instant pour agripper une suspente externe du fr\u00eale vaisseau qui plongeait d\u00e9j\u00e0 en direction du sol.<\/p>\n<p>Fort heureusement les machines sont programm\u00e9es pour ne pas s\u2019autod\u00e9truire, si bien qu&rsquo;elle s&rsquo;immobilisa quelques m\u00e8tre au dessus du sol, attendant une nouvelle instruction, surplombant le corps gisant de Walsh.<\/p>\n<p>Je trouvais une trappe qui me perm\u00eet d\u2019ouvrir la navette et de me glisser \u00e0 l\u2019int\u00e9rieur et lan\u00e7ais imm\u00e9diatement une proc\u00e9dure de rapatriement d\u2019urgence vers notre vaisseau.<\/p>\n<p>Dans ma pr\u00e9cipitation, j\u2019en oubliait le vaisseau des Pixtes qui profita de mon passage pour me toucher de son rayon paralysant.<\/p>\n<p>Ma capsule sembla d\u2019abord ne pas \u00eatre affect\u00e9e et survola sur quelques m\u00e8tres avant que le courant ne s&rsquo;\u00e9teigne brutalement. La chute fut moins douloureuse que je ne l\u2019eu cr\u00fb, l\u2019impact au sol fortement amorti par la couche de neige.<\/p>\n<p>S\u2019ensuivirent les pires instants de ma vie. Prisonnier de ce vaisseau priv\u00e9 d&rsquo;\u00e9lectricit\u00e9 que je ne pouvais ouvrir manuellement sans d\u00e9truire l\u2019habitacle et finir ainsi bloqu\u00e9 \u00e0 jamais sur cette plan\u00e8te, je me voyais d\u00e9j\u00e0 servir de repas aux Pixtes.<\/p>\n<p>Une minute enti\u00e8re passa sans que je n\u2019arrive \u00e0 me d\u00e9cider, finalement je d\u00e9cidai que tant que je restait en vie tous les espoirs restaient permis, aussi je m\u2019emparai de la hache de secours et fit sauter les gonds de la porte. Je m\u2019extrayais tant bien que mal et rampais dans la neige tentant de laisser le moins de traces possible. Je trouvais une fissure dans laquelle je me glissait avant de me couvrir de neige. J\u2019entendais le vrombissement du vaisseau des Pixtes \u00e0 quelques m\u00e8tres de l\u00e0, il s\u2019arr\u00eata au niveau de la capsule de survie avant de repartir. Je restais recroquevill\u00e9 ainsi pendant quelques heures. Les Pixtes semblaient s&rsquo;\u00eatre calm\u00e9s et rentraient chez eux.<\/p>\n<p>J&rsquo;attendais encore une bonne heure apr\u00e8s leur d\u00e9part puis regagnais, compl\u00e8tement engourdi, la navette, qui ne pouvait plus voler. Je r\u00e9ussi tout de m\u00eame \u00e0 trouver un ordinateur de bord toujours capable d\u2019envoyer un signal de d\u00e9tresse.<\/p>\n<p><em>Si quelqu\u2019un re\u00e7oit ce message, je suis sur une r\u00e9serve de 15 jours de boisson et de nourriture. Ce rapport est \u00e0 transmettre de toute urgence de la part du docteur Barthylius, matricule 4-5-21 au vaisseau TX54 en orbite autour de la plan\u00e8te Pixt-AD4.<\/em><\/p>\n<p>\u00c0 suivre&#8230;<\/p>\n","protected":false},"excerpt":{"rendered":"<p>Journal de bord de la mission XESION Nous arriv\u00e2mes en ce 15e jours du cycle av\u00e9riun de l&rsquo;an 4052 du consortium sur la plan\u00e8te Pixt-AD4. Nous d\u00e9barqu\u00e2mes rapidement \u00e0 l&rsquo;aide d&rsquo;une capsule d&rsquo;exploration tandis que notre vaisseau restait en orbite autour de la plan\u00e8te notre pilote restant \u00e0 son bord. Celui-ci n&rsquo;aurait pas \u00e0 patienter &hellip; <\/p>\n<p class=\"link-more\"><a href=\"http:\/\/the-erudit-project.com\/?page_id=693\" class=\"more-link\">Continuer la lecture<span class=\"screen-reader-text\"> de &laquo;&nbsp;Les Pixtes&nbsp;&raquo;<\/span><\/a><\/p>\n","protected":false},"author":3,"featured_media":0,"parent":0,"menu_order":0,"comment_status":"closed","ping_status":"closed","template":"","meta":{"jetpack_post_was_ever_published":false,"footnotes":""},"class_list":["post-693","page","type-page","status-publish","hentry"],"jetpack_sharing_enabled":true,"jetpack_shortlink":"https:\/\/wp.me\/P5FIAy-bb","_links":{"self":[{"href":"http:\/\/the-erudit-project.com\/index.php?rest_route=\/wp\/v2\/pages\/693","targetHints":{"allow":["GET"]}}],"collection":[{"href":"http:\/\/the-erudit-project.com\/index.php?rest_route=\/wp\/v2\/pages"}],"about":[{"href":"http:\/\/the-erudit-project.com\/index.php?rest_route=\/wp\/v2\/types\/page"}],"author":[{"embeddable":true,"href":"http:\/\/the-erudit-project.com\/index.php?rest_route=\/wp\/v2\/users\/3"}],"replies":[{"embeddable":true,"href":"http:\/\/the-erudit-project.com\/index.php?rest_route=%2Fwp%2Fv2%2Fcomments&post=693"}],"version-history":[{"count":11,"href":"http:\/\/the-erudit-project.com\/index.php?rest_route=\/wp\/v2\/pages\/693\/revisions"}],"predecessor-version":[{"id":758,"href":"http:\/\/the-erudit-project.com\/index.php?rest_route=\/wp\/v2\/pages\/693\/revisions\/758"}],"wp:attachment":[{"href":"http:\/\/the-erudit-project.com\/index.php?rest_route=%2Fwp%2Fv2%2Fmedia&parent=693"}],"curies":[{"name":"wp","href":"https:\/\/api.w.org\/{rel}","templated":true}]}}