{"id":696,"date":"2018-12-03T13:59:47","date_gmt":"2018-12-03T13:59:47","guid":{"rendered":"http:\/\/the-erudit-project.com\/?page_id=696"},"modified":"2018-12-26T10:06:09","modified_gmt":"2018-12-26T10:06:09","slug":"blog-high-tech","status":"publish","type":"page","link":"http:\/\/the-erudit-project.com\/?page_id=696","title":{"rendered":"Blog High Tech"},"content":{"rendered":"<p>Bienvenue sur le blog high-tech :<\/p>\n<p><span style=\"caret-color: #333333; color: #333333;\">Dans cette partie du site, vous trouverez un peu de tout concernant le high tech<\/span>, <span style=\"caret-color: #333333; color: #333333;\">les jeux vid\u00e9os, etc. <\/span><\/p>\n<p><span style=\"caret-color: #333333; color: #333333;\">Allant de tests de jeux vid\u00e9os, de critique<\/span>s <span style=\"caret-color: #333333; color: #333333;\">de film, en passant par des tutos, \u00e0 des test<\/span>s <span style=\"caret-color: #333333; color: #333333;\">de produits high tech. C\u2019est la section pour ainsi dire<\/span>, pour les Geeks.<\/p>\n<p><a href=\"http:\/\/the-erudit-project.com\/?page_id=735\">Jeux vid\u00e9o<\/a><\/p>\n<hr \/>\n<p><a href=\"http:\/\/the-erudit-project.com\/?page_id=458\">Films<\/a><\/p>\n<hr \/>\n<p><a href=\"http:\/\/the-erudit-project.com\/?page_id=458\">Tutoriels<\/a><\/p>\n<hr \/>\n<p><a href=\"http:\/\/the-erudit-project.com\/?page_id=458\">Tests<\/a><\/p>\n<hr \/>\n","protected":false},"excerpt":{"rendered":"<p>Bienvenue sur le blog high-tech : Dans cette partie du site, vous trouverez un peu de tout concernant le high tech, les jeux vid\u00e9os, etc. Allant de tests de jeux vid\u00e9os, de critiques de film, en passant par des tutos, \u00e0 des tests de produits high tech. C\u2019est la section pour ainsi dire, pour les &hellip; <\/p>\n<p class=\"link-more\"><a href=\"http:\/\/the-erudit-project.com\/?page_id=696\" class=\"more-link\">Continuer la lecture<span class=\"screen-reader-text\"> de &laquo;&nbsp;Blog High Tech&nbsp;&raquo;<\/span><\/a><\/p>\n","protected":false},"author":3,"featured_media":0,"parent":0,"menu_order":0,"comment_status":"closed","ping_status":"closed","template":"","meta":{"jetpack_post_was_ever_published":false,"footnotes":""},"class_list":["post-696","page","type-page","status-publish","hentry"],"jetpack_sharing_enabled":true,"jetpack_shortlink":"https:\/\/wp.me\/P5FIAy-be","_links":{"self":[{"href":"http:\/\/the-erudit-project.com\/index.php?rest_route=\/wp\/v2\/pages\/696","targetHints":{"allow":["GET"]}}],"collection":[{"href":"http:\/\/the-erudit-project.com\/index.php?rest_route=\/wp\/v2\/pages"}],"about":[{"href":"http:\/\/the-erudit-project.com\/index.php?rest_route=\/wp\/v2\/types\/page"}],"author":[{"embeddable":true,"href":"http:\/\/the-erudit-project.com\/index.php?rest_route=\/wp\/v2\/users\/3"}],"replies":[{"embeddable":true,"href":"http:\/\/the-erudit-project.com\/index.php?rest_route=%2Fwp%2Fv2%2Fcomments&post=696"}],"version-history":[{"count":5,"href":"http:\/\/the-erudit-project.com\/index.php?rest_route=\/wp\/v2\/pages\/696\/revisions"}],"predecessor-version":[{"id":794,"href":"http:\/\/the-erudit-project.com\/index.php?rest_route=\/wp\/v2\/pages\/696\/revisions\/794"}],"wp:attachment":[{"href":"http:\/\/the-erudit-project.com\/index.php?rest_route=%2Fwp%2Fv2%2Fmedia&parent=696"}],"curies":[{"name":"wp","href":"https:\/\/api.w.org\/{rel}","templated":true}]}}