{"id":701,"date":"2018-12-03T13:55:44","date_gmt":"2018-12-03T13:55:44","guid":{"rendered":"http:\/\/the-erudit-project.com\/?page_id=701"},"modified":"2020-04-03T12:55:35","modified_gmt":"2020-04-03T12:55:35","slug":"nouveautes","status":"publish","type":"page","link":"http:\/\/the-erudit-project.com\/?page_id=701","title":{"rendered":"Nouveaut\u00e9s"},"content":{"rendered":"<p>Au risque d&rsquo;en chambouler certains, le projet de web s\u00e9rie a compl\u00e8tement chang\u00e9 de format.<\/p>\n<p>Au lieu d&rsquo;une web s\u00e9rie vous allez avoir droit \u00e0 un format assez novateur : un feuilleton audio illustr\u00e9. Pas de panique l&rsquo;\u00e9quipe principale reste la m\u00eame, le sc\u00e9nario aussi, seul le format change. Alors me direz-vous, <strong>pourquoi ?<\/strong><\/p>\n<p>Eh bien pour commencer, une s\u00e9rie \u00e7a co\u00fbte un certain prix, m\u00eame avec des acteurs b\u00e9n\u00e9voles, il reste tout de m\u00eame : les d\u00e9cors, le mat\u00e9riel de tournage, les costumes, les accessoires&#8230; Sans parler du fait qu&rsquo;une \u00e9quipe d&rsquo;amis b\u00e9n\u00e9voles qui sont pr\u00eat \u00e0 participer \u00e0 un projet artistique sur leur cong\u00e9s, \u00e7a sonne bien sur le papier, mais rassembler tout se beau monde en m\u00eame temps et r\u00e9guli\u00e8rement, \u00e7a devient vite compliqu\u00e9.<\/p>\n<p>Bref tout \u00e7a c&rsquo;est bien beau mais \u00ab\u00a0<strong>qu&rsquo;est-ce donc qu&rsquo;un feuilleton audio illustr\u00e9 ?<\/strong>\u00a0\u00bb me direz-vous. Eh bien laissez-moi donc vous expliquez, on y arrive, une seconde.<\/p>\n<p>Un feuilleton audio d\u00e9j\u00e0, tout le monde conna\u00eet : c&rsquo;est le format de s\u00e9ries audio comme Naheulbeuk, Adoprixtoxis, Reflets d&rsquo;acide ou m\u00eame plus r\u00e9cemment L&rsquo;\u00e9pop\u00e9e temporelle. Bon pour ceux qui n&rsquo;auraient toujours pas compris, c&rsquo;est une histoire comme une vid\u00e9o mais avec seulement le son.<\/p>\n<p>Et \u00ab\u00a0illustr\u00e9\u00a0\u00bb cela signifie bien s\u00fbr que cette histoire sera accompagn\u00e9e d&rsquo;images, cette s\u00e9rie sera donc un peu \u00e0 la fronti\u00e8re entre un dessin anim\u00e9 et une bande dessin\u00e9e.<\/p>\n<p>Mais comme une d\u00e9monstration vaut mieux que tous les mots voyez par vous m\u00eame ! (Il s&rsquo;agit du prologue de la s\u00e9rie)<\/p>\n<p><iframe loading=\"lazy\" title=\"The Erudit Project\" width=\"525\" height=\"295\" src=\"https:\/\/www.youtube.com\/embed\/Yp-oEKopJHQ?feature=oembed\" frameborder=\"0\" allow=\"accelerometer; autoplay; clipboard-write; encrypted-media; gyroscope; picture-in-picture; web-share\" referrerpolicy=\"strict-origin-when-cross-origin\" allowfullscreen><\/iframe><\/p>\n<div class=\"entry-content\">\n<p>GRANDE NOUVEAUT\u00c9 !! Vous pouvez d\u00e9sormais retrouver les premiers \u00e9pisodes en version test dans la section <a href=\"http:\/\/the-erudit-project.com\/?page_id=52\">LES VIDEOS<\/a>.<\/p>\n<\/div>\n","protected":false},"excerpt":{"rendered":"<p>Au risque d&rsquo;en chambouler certains, le projet de web s\u00e9rie a compl\u00e8tement chang\u00e9 de format. Au lieu d&rsquo;une web s\u00e9rie vous allez avoir droit \u00e0 un format assez novateur : un feuilleton audio illustr\u00e9. Pas de panique l&rsquo;\u00e9quipe principale reste la m\u00eame, le sc\u00e9nario aussi, seul le format change. Alors me direz-vous, pourquoi ? Eh &hellip; <\/p>\n<p class=\"link-more\"><a href=\"http:\/\/the-erudit-project.com\/?page_id=701\" class=\"more-link\">Continuer la lecture<span class=\"screen-reader-text\"> de &laquo;&nbsp;Nouveaut\u00e9s&nbsp;&raquo;<\/span><\/a><\/p>\n","protected":false},"author":3,"featured_media":0,"parent":0,"menu_order":0,"comment_status":"closed","ping_status":"closed","template":"","meta":{"jetpack_post_was_ever_published":false,"footnotes":""},"class_list":["post-701","page","type-page","status-publish","hentry"],"jetpack_sharing_enabled":true,"jetpack_shortlink":"https:\/\/wp.me\/P5FIAy-bj","_links":{"self":[{"href":"http:\/\/the-erudit-project.com\/index.php?rest_route=\/wp\/v2\/pages\/701","targetHints":{"allow":["GET"]}}],"collection":[{"href":"http:\/\/the-erudit-project.com\/index.php?rest_route=\/wp\/v2\/pages"}],"about":[{"href":"http:\/\/the-erudit-project.com\/index.php?rest_route=\/wp\/v2\/types\/page"}],"author":[{"embeddable":true,"href":"http:\/\/the-erudit-project.com\/index.php?rest_route=\/wp\/v2\/users\/3"}],"replies":[{"embeddable":true,"href":"http:\/\/the-erudit-project.com\/index.php?rest_route=%2Fwp%2Fv2%2Fcomments&post=701"}],"version-history":[{"count":7,"href":"http:\/\/the-erudit-project.com\/index.php?rest_route=\/wp\/v2\/pages\/701\/revisions"}],"predecessor-version":[{"id":988,"href":"http:\/\/the-erudit-project.com\/index.php?rest_route=\/wp\/v2\/pages\/701\/revisions\/988"}],"wp:attachment":[{"href":"http:\/\/the-erudit-project.com\/index.php?rest_route=%2Fwp%2Fv2%2Fmedia&parent=701"}],"curies":[{"name":"wp","href":"https:\/\/api.w.org\/{rel}","templated":true}]}}