{"id":710,"date":"2018-12-26T21:13:44","date_gmt":"2018-12-26T21:13:44","guid":{"rendered":"http:\/\/the-erudit-project.com\/?page_id=710"},"modified":"2018-12-26T21:13:50","modified_gmt":"2018-12-26T21:13:50","slug":"les-nouvelles-et-histoires-courtes","status":"publish","type":"page","link":"http:\/\/the-erudit-project.com\/?page_id=710","title":{"rendered":"Les nouvelles et histoires courtes"},"content":{"rendered":"<p>Voici la page o\u00f9 se trouvent <span style=\"caret-color: rgb(51, 51, 51); color: rgb(51, 51, 51); font-family\" libre franklin neue helvetica arial sans-serif font-size: font-style: normal font-variant-caps: font-weight: letter-spacing: orphans: auto text-align: start text-indent: text-transform: none white-space: widows: word-spacing: rgba background-color: rgb text-decoration: display: inline float:>nos toutes derni\u00e8res histoires<\/span>.<\/p>\n<p>Q<span style=\"caret-color: rgb(51, 51, 51); color: rgb(51, 51, 51); font-family\" libre franklin neue helvetica arial sans-serif font-size: font-style: normal font-variant-caps: font-weight: letter-spacing: orphans: auto text-align: start text-indent: text-transform: none white-space: widows: word-spacing: rgba background-color: rgb text-decoration: display: inline float:>ue ce soit de l\u2019h\u00e9ro\u00efque fantasy, de la science fiction, ou des polar<\/span>s<span style=\"caret-color: rgb(51, 51, 51); color: rgb(51, 51, 51); font-family\" libre franklin neue helvetica arial sans-serif font-size: font-style: normal font-variant-caps: font-weight: letter-spacing: orphans: auto text-align: start text-indent: text-transform: none white-space: widows: word-spacing: rgba background-color: rgb text-decoration: display: inline float:>, nos toutes derni\u00e8res oeuvres litt\u00e9raires <\/span>sont<span style=\"caret-color: rgb(51, 51, 51); color: rgb(51, 51, 51); font-family\" libre franklin neue helvetica arial sans-serif font-size: font-style: normal font-variant-caps: font-weight: letter-spacing: orphans: auto text-align: start text-indent: text-transform: none white-space: widows: word-spacing: rgba background-color: rgb text-decoration: display: inline float:> disponibles ici.<\/span><\/p>\n<p>Rappelez-vous que nous ne sommes que des auteurs amateurs et qu&rsquo;il n&rsquo;y ici aucune pr\u00e9tention d&rsquo;\u00e9galer Voltaires ou Corneille.<\/p>\n<p>Bien entendu tout commentaire encourageant ou constructif sera le bienvenu, cependant merci d&rsquo;\u00e9viter la critique gratuite.<\/p>\n<p><u>Les nouvelles ou histoires courtes:<\/u><\/p>\n<ul>\n<li><a href=\"http:\/\/the-erudit-project.com\/?page_id=693\">Les Pixtes<\/a> : <em>ce r\u00e9cit de science-fiction raconte un voyage d&rsquo;exploration en terre inconnue qui tourne mal<\/em>.<\/li>\n<\/ul>\n<p>Ces histoires sont bien entendu la propri\u00e9t\u00e9 intellectuelle de leur auteur et sont donc d&rsquo;apr\u00e8s la l\u00e9gislation fran\u00e7aise soumises \u00e0 des droits d&rsquo;auteur. Toutes reproduction partielle ou totale sans l&rsquo;autorisation pr\u00e9alable de l&rsquo;auteur peut vous exposer \u00e0 des poursuites.<\/p>\n","protected":false},"excerpt":{"rendered":"<p>Voici la page o\u00f9 se trouvent nos toutes derni\u00e8res histoires. Que ce soit de l\u2019h\u00e9ro\u00efque fantasy, de la science fiction, ou des polars, nos toutes derni\u00e8res oeuvres litt\u00e9raires sont disponibles ici. Rappelez-vous que nous ne sommes que des auteurs amateurs et qu&rsquo;il n&rsquo;y ici aucune pr\u00e9tention d&rsquo;\u00e9galer Voltaires ou Corneille. Bien entendu tout commentaire encourageant &hellip; <\/p>\n<p class=\"link-more\"><a href=\"http:\/\/the-erudit-project.com\/?page_id=710\" class=\"more-link\">Continuer la lecture<span class=\"screen-reader-text\"> de &laquo;&nbsp;Les nouvelles et histoires courtes&nbsp;&raquo;<\/span><\/a><\/p>\n","protected":false},"author":3,"featured_media":0,"parent":0,"menu_order":0,"comment_status":"closed","ping_status":"closed","template":"","meta":{"jetpack_post_was_ever_published":false,"footnotes":""},"class_list":["post-710","page","type-page","status-publish","hentry"],"jetpack_sharing_enabled":true,"jetpack_shortlink":"https:\/\/wp.me\/P5FIAy-bs","_links":{"self":[{"href":"http:\/\/the-erudit-project.com\/index.php?rest_route=\/wp\/v2\/pages\/710","targetHints":{"allow":["GET"]}}],"collection":[{"href":"http:\/\/the-erudit-project.com\/index.php?rest_route=\/wp\/v2\/pages"}],"about":[{"href":"http:\/\/the-erudit-project.com\/index.php?rest_route=\/wp\/v2\/types\/page"}],"author":[{"embeddable":true,"href":"http:\/\/the-erudit-project.com\/index.php?rest_route=\/wp\/v2\/users\/3"}],"replies":[{"embeddable":true,"href":"http:\/\/the-erudit-project.com\/index.php?rest_route=%2Fwp%2Fv2%2Fcomments&post=710"}],"version-history":[{"count":2,"href":"http:\/\/the-erudit-project.com\/index.php?rest_route=\/wp\/v2\/pages\/710\/revisions"}],"predecessor-version":[{"id":712,"href":"http:\/\/the-erudit-project.com\/index.php?rest_route=\/wp\/v2\/pages\/710\/revisions\/712"}],"wp:attachment":[{"href":"http:\/\/the-erudit-project.com\/index.php?rest_route=%2Fwp%2Fv2%2Fmedia&parent=710"}],"curies":[{"name":"wp","href":"https:\/\/api.w.org\/{rel}","templated":true}]}}