{"id":735,"date":"2018-12-06T18:00:20","date_gmt":"2018-12-06T18:00:20","guid":{"rendered":"http:\/\/the-erudit-project.com\/?page_id=735"},"modified":"2020-04-29T19:36:42","modified_gmt":"2020-04-29T17:36:42","slug":"les-jeux-videos","status":"publish","type":"page","link":"http:\/\/the-erudit-project.com\/?page_id=735","title":{"rendered":"Les jeux vid\u00e9os"},"content":{"rendered":"<p><u>D\u00e9finition et Histoire des jeux vid\u00e9os<\/u><\/p>\n<p><span style=\"caret-color: #222222; color: #222222;\">Un<\/span><span style=\"caret-color: #222222; color: #222222;\"><span class=\"Apple-converted-space\">\u00a0<\/span><\/span>jeu vid\u00e9o<span style=\"caret-color: #222222; color: #222222;\"><span class=\"Apple-converted-space\">\u00a0<\/span><\/span><span style=\"caret-color: #222222; color: #222222;\">est un<\/span><span style=\"caret-color: #222222; color: #222222;\"><span class=\"Apple-converted-space\">\u00a0<\/span><\/span>jeu i<span style=\"caret-color: #222222; color: #222222;\">nteracti<\/span>f en format \u00e9lectronique: l<span style=\"caret-color: #222222; color: #222222;\">e<\/span><span style=\"caret-color: #222222; color: #222222;\"><span class=\"Apple-converted-space\">\u00a0<\/span><\/span>joueur <span style=\"caret-color: #222222; color: #222222;\">dispose d<\/span>&lsquo;un support comme une manette ou un clavier, etc. <span style=\"caret-color: #222222; color: #222222;\">pour agir sur le jeu et<\/span> voir appara\u00eetre <span style=\"caret-color: #222222; color: #222222;\">le r\u00e9sultat de ses actions\u00a0<\/span>dans<span style=\"caret-color: #222222; color: #222222;\"> un environnement<\/span><span style=\"caret-color: #222222; color: #222222;\"><span class=\"Apple-converted-space\">\u00a0<\/span><\/span>virtuel<span style=\"caret-color: #222222; color: #222222;\">.<\/span><\/p>\n<p>L&rsquo;Histoire du jeu vid\u00e9o<span style=\"caret-color: #222222; color: #222222;\"><span class=\"Apple-converted-space\">\u00a0<\/span><\/span><span style=\"caret-color: #222222; color: #222222;\">d\u00e9bute dans les<\/span><span style=\"caret-color: #222222; color: #222222;\"><span class=\"Apple-converted-space\">\u00a0<\/span><\/span>ann\u00e9es 50<span style=\"caret-color: #222222; color: #222222;\">, o\u00f9 l&rsquo;id\u00e9e <\/span>germe au cours<span style=\"caret-color: #222222; color: #222222;\"> de recherches <\/span>en <span style=\"caret-color: #222222; color: #222222;\">informatique. <\/span>Mais ceux-ci <span style=\"caret-color: #222222; color: #222222;\">ne se font <\/span>r\u00e9ellement <span style=\"caret-color: #222222; color: #222222;\">connaitr<\/span>e <span style=\"caret-color: #222222; color: #222222;\">qu&rsquo;\u00e0 partir des<\/span><span style=\"caret-color: #222222; color: #222222;\"><span class=\"Apple-converted-space\">\u00a0<\/span><\/span>ann\u00e9es 70, <span style=\"caret-color: #222222; color: #222222;\">avec <\/span>les<span style=\"caret-color: #222222; color: #222222;\"> premi\u00e8res<\/span><span style=\"caret-color: #222222; color: #222222;\"><span class=\"Apple-converted-space\">\u00a0<\/span><\/span>bornes d&rsquo;arcade<span style=\"caret-color: #222222; color: #222222;\"><span class=\"Apple-converted-space\">\u00a0<\/span><\/span>suivies des<span style=\"caret-color: #222222; color: #222222;\"><span class=\"Apple-converted-space\">\u00a0<\/span><\/span>consoles<span style=\"caret-color: #222222; color: #222222;\"><span class=\"Apple-converted-space\">\u00a0<\/span><\/span><span style=\"caret-color: #222222; color: #222222;\">de jeu<\/span>x. Presque 40 ans et de nombreuses g\u00e9n\u00e9rations de machines plus tard, le jeu vid\u00e9o enregistre en 2018, un chiffre d&rsquo;affaires de plus de 100 milliard d&rsquo;euros dans le monde.<\/p>\n<p><u>Les jeux vid\u00e9os qui m&rsquo;ont marqu\u00e9<\/u><\/p>\n<p>Bien s\u00fbr, parler de \u00ab\u00a0meilleurs jeux\u00a0\u00bb serait quelque peu pr\u00e9somptueux de ma part et enti\u00e8rement subjectif. Je pr\u00e9f\u00e8re donc parler de \u00ab\u00a0jeux qui m&rsquo;ont le plus marqu\u00e9\u00a0\u00bb.<\/p>\n<p>Tous ces jeux vous sembleront peut-\u00eatre un peu d\u00e9suets ou au minimum r\u00e9tro, il est vrai que ces jeux on surtout berc\u00e9 mon enfance et adolescence.<\/p>\n<p>Bref, je ne vous fait pas d&rsquo;avantage languir, voici la liste de mes jeux pr\u00e9f\u00e9r\u00e9s :<\/p>\n<ul>\n<li><a href=\"http:\/\/the-erudit-project.com\/?page_id=765\">Final Fantasy 6<\/a><\/li>\n<li><a href=\"http:\/\/the-erudit-project.com\/?page_id=1028\">Final Fantasy 7<\/a><\/li>\n<li><a href=\"http:\/\/the-erudit-project.com\/?page_id=458\">Vagrant Story<\/a><\/li>\n<li><a href=\"http:\/\/the-erudit-project.com\/?page_id=458\">Metal Gear Solid 1 et 2<\/a><\/li>\n<li><a href=\"http:\/\/the-erudit-project.com\/?page_id=458\">Zelda<\/a><\/li>\n<\/ul>\n","protected":false},"excerpt":{"rendered":"<p>D\u00e9finition et Histoire des jeux vid\u00e9os Un\u00a0jeu vid\u00e9o\u00a0est un\u00a0jeu interactif en format \u00e9lectronique: le\u00a0joueur dispose d&lsquo;un support comme une manette ou un clavier, etc. pour agir sur le jeu et voir appara\u00eetre le r\u00e9sultat de ses actions\u00a0dans un environnement\u00a0virtuel. L&rsquo;Histoire du jeu vid\u00e9o\u00a0d\u00e9bute dans les\u00a0ann\u00e9es 50, o\u00f9 l&rsquo;id\u00e9e germe au cours de recherches en informatique. &hellip; <\/p>\n<p class=\"link-more\"><a href=\"http:\/\/the-erudit-project.com\/?page_id=735\" class=\"more-link\">Continuer la lecture<span class=\"screen-reader-text\"> de &laquo;&nbsp;Les jeux vid\u00e9os&nbsp;&raquo;<\/span><\/a><\/p>\n","protected":false},"author":3,"featured_media":0,"parent":0,"menu_order":0,"comment_status":"closed","ping_status":"closed","template":"","meta":{"jetpack_post_was_ever_published":false,"footnotes":""},"class_list":["post-735","page","type-page","status-publish","hentry"],"jetpack_sharing_enabled":true,"jetpack_shortlink":"https:\/\/wp.me\/P5FIAy-bR","_links":{"self":[{"href":"http:\/\/the-erudit-project.com\/index.php?rest_route=\/wp\/v2\/pages\/735","targetHints":{"allow":["GET"]}}],"collection":[{"href":"http:\/\/the-erudit-project.com\/index.php?rest_route=\/wp\/v2\/pages"}],"about":[{"href":"http:\/\/the-erudit-project.com\/index.php?rest_route=\/wp\/v2\/types\/page"}],"author":[{"embeddable":true,"href":"http:\/\/the-erudit-project.com\/index.php?rest_route=\/wp\/v2\/users\/3"}],"replies":[{"embeddable":true,"href":"http:\/\/the-erudit-project.com\/index.php?rest_route=%2Fwp%2Fv2%2Fcomments&post=735"}],"version-history":[{"count":11,"href":"http:\/\/the-erudit-project.com\/index.php?rest_route=\/wp\/v2\/pages\/735\/revisions"}],"predecessor-version":[{"id":1030,"href":"http:\/\/the-erudit-project.com\/index.php?rest_route=\/wp\/v2\/pages\/735\/revisions\/1030"}],"wp:attachment":[{"href":"http:\/\/the-erudit-project.com\/index.php?rest_route=%2Fwp%2Fv2%2Fmedia&parent=735"}],"curies":[{"name":"wp","href":"https:\/\/api.w.org\/{rel}","templated":true}]}}