{"id":765,"date":"2018-12-20T11:59:39","date_gmt":"2018-12-20T11:59:39","guid":{"rendered":"http:\/\/the-erudit-project.com\/?page_id=765"},"modified":"2018-12-26T09:47:14","modified_gmt":"2018-12-26T09:47:14","slug":"final-fantasy-vi","status":"publish","type":"page","link":"http:\/\/the-erudit-project.com\/?page_id=765","title":{"rendered":"Final Fantasy VI"},"content":{"rendered":"<p>Pour beaucoup de joueurs FF VI est un des meilleurs si ce n&rsquo;est le meilleur \u00e9pisode de la s\u00e9rie des Final Fantasy, on est en droit de se demander pourquoi un tel engouement de la part des joueurs. Il est vrai que cet \u00e9pisode est graphiquement tr\u00e8s loin derri\u00e8re les \u00e9pisodes qui suivirent.<\/p>\n<p><strong>Alors pourquoi?<\/strong><\/p>\n<p>Les joueurs les plus nostalgiques se souviendront de la magnifique sc\u00e8ne de l&rsquo;op\u00e9ra, l&rsquo;\u00e9mouvante sc\u00e8ne du d\u00e9part en train de la famille de Cyan, de la d\u00e9tresse de Celes au d\u00e9but du monde en ruines, et la liste est encore longue. En effet c&rsquo;est gr\u00e2ce \u00e0 un univers plus riche, un sc\u00e9nario plus sombre, plus profond ainsi que des personnages touchants, parfois dr\u00f4le ou m\u00eame \u00e9mouvants que l&rsquo;on se souvient de Final Fantasy VI.<\/p>\n<p><a href=\"https:\/\/i0.wp.com\/the-erudit-project.com\/forge\/uploads\/2018\/12\/76.jpg\"><img data-recalc-dims=\"1\" loading=\"lazy\" decoding=\"async\" class=\"size-full wp-image-776 alignnone\" src=\"https:\/\/i0.wp.com\/the-erudit-project.com\/forge\/uploads\/2018\/12\/76.jpg?resize=204%2C179\" alt=\"\" width=\"204\" height=\"179\" \/><\/a><\/p>\n<p><strong>L&rsquo;Histoire<\/strong><\/p>\n<p>Tout commence il y a mille ans. A cette \u00e9poque les humains et les cr\u00e9atures magiques appel\u00e9es Espers vivaient en paix, jusqu&rsquo;au jour o\u00f9 une guerre terrible \u00e9clata. Cette bataille, appel\u00e9e la guerre de la Magie, fit un nombre consid\u00e9rable de victimes et se conclut par le retrait des Espers dans un autre monde, entra\u00eenant par l\u00e0 m\u00eame la disparition de la magie. L&rsquo;histoire du jeu nous conte les aventures de Terra, jeune fille au pass\u00e9 myst\u00e9rieux qui semble avoir une connection avec les Espers.<\/p>\n<p><a href=\"https:\/\/i0.wp.com\/the-erudit-project.com\/forge\/uploads\/2018\/12\/56.jpg\"><img data-recalc-dims=\"1\" loading=\"lazy\" decoding=\"async\" class=\"alignnone size-full wp-image-784\" src=\"https:\/\/i0.wp.com\/the-erudit-project.com\/forge\/uploads\/2018\/12\/56.jpg?resize=204%2C179\" alt=\"\" width=\"204\" height=\"179\" \/><\/a><\/p>\n<p>L&#8217;empire, d\u00e9cide de se servir d&rsquo;elle \u00e0 des fins mal\u00e9fiques et la place sous son contr\u00f4le pour exploiter son don unique : Terra sait utiliser la magie. Elle sera sauv\u00e9e par un r\u00e9sistant du nom de Locke et se retrouvera entra\u00een\u00e9e dans une histoire d\u00e9passant tout ce qu&rsquo;elle aurait pu imaginer, au travers de rencontres, de combats, de questions et de tourments.<\/p>\n<p>Dans un monde meurtri, accabl\u00e9 par la pression d&rsquo;un empire tyrannique, un groupe h\u00e9t\u00e9roclite doit puiser la force r\u00e9sultant de la combinaison de leurs diff\u00e9rences, aspirant \u00e0 une seule chose : la paix.<\/p>\n<p><a href=\"http:\/\/the-erudit-project.com\/?page_id=512\">La Solution<\/a><\/p>\n","protected":false},"excerpt":{"rendered":"<p>Pour beaucoup de joueurs FF VI est un des meilleurs si ce n&rsquo;est le meilleur \u00e9pisode de la s\u00e9rie des Final Fantasy, on est en droit de se demander pourquoi un tel engouement de la part des joueurs. Il est vrai que cet \u00e9pisode est graphiquement tr\u00e8s loin derri\u00e8re les \u00e9pisodes qui suivirent. Alors pourquoi? &hellip; <\/p>\n<p class=\"link-more\"><a href=\"http:\/\/the-erudit-project.com\/?page_id=765\" class=\"more-link\">Continuer la lecture<span class=\"screen-reader-text\"> de &laquo;&nbsp;Final Fantasy VI&nbsp;&raquo;<\/span><\/a><\/p>\n","protected":false},"author":3,"featured_media":0,"parent":0,"menu_order":0,"comment_status":"closed","ping_status":"closed","template":"","meta":{"jetpack_post_was_ever_published":false,"footnotes":""},"class_list":["post-765","page","type-page","status-publish","hentry"],"jetpack_sharing_enabled":true,"jetpack_shortlink":"https:\/\/wp.me\/P5FIAy-cl","_links":{"self":[{"href":"http:\/\/the-erudit-project.com\/index.php?rest_route=\/wp\/v2\/pages\/765","targetHints":{"allow":["GET"]}}],"collection":[{"href":"http:\/\/the-erudit-project.com\/index.php?rest_route=\/wp\/v2\/pages"}],"about":[{"href":"http:\/\/the-erudit-project.com\/index.php?rest_route=\/wp\/v2\/types\/page"}],"author":[{"embeddable":true,"href":"http:\/\/the-erudit-project.com\/index.php?rest_route=\/wp\/v2\/users\/3"}],"replies":[{"embeddable":true,"href":"http:\/\/the-erudit-project.com\/index.php?rest_route=%2Fwp%2Fv2%2Fcomments&post=765"}],"version-history":[{"count":8,"href":"http:\/\/the-erudit-project.com\/index.php?rest_route=\/wp\/v2\/pages\/765\/revisions"}],"predecessor-version":[{"id":789,"href":"http:\/\/the-erudit-project.com\/index.php?rest_route=\/wp\/v2\/pages\/765\/revisions\/789"}],"wp:attachment":[{"href":"http:\/\/the-erudit-project.com\/index.php?rest_route=%2Fwp%2Fv2%2Fmedia&parent=765"}],"curies":[{"name":"wp","href":"https:\/\/api.w.org\/{rel}","templated":true}]}}